{"id":734,"date":"2015-10-19T11:42:59","date_gmt":"2015-10-19T11:42:59","guid":{"rendered":"http:\/\/intarsia-demsar.si\/wordpress\/?page_id=734"},"modified":"2020-02-03T18:28:31","modified_gmt":"2020-02-03T18:28:31","slug":"uber-uns","status":"publish","type":"page","link":"http:\/\/de.intarsia-demsar.si\/de\/uber-uns\/","title":{"rendered":"\u00dcBER UNS"},"content":{"rendered":"<p>[et_pb_section fb_built=&#8220;1&#8243; fullwidth=&#8220;on&#8220; admin_label=&#8220;section&#8220; _builder_version=&#8220;3.22&#8243;][et_pb_fullwidth_slider show_arrows=&#8220;off&#8220; show_pagination=&#8220;off&#8220; admin_label=&#8220;Fullwidth Slider&#8220; _builder_version=&#8220;3.16&#8243; custom_padding=&#8220;|||&#8220; custom_padding_tablet=&#8220;|||&#8220; custom_padding_phone=&#8220;|||&#8220; hover_enabled=&#8220;0&#8243; box_shadow_style=&#8220;preset6&#8243; box_shadow_blur=&#8220;10px&#8220; box_shadow_color=&#8220;rgba(0,0,0,0.1)&#8220; remove_inner_shadow=&#8220;off&#8220; hide_content_on_mobile=&#8220;off&#8220; hide_cta_on_mobile=&#8220;off&#8220; show_inner_shadow=&#8220;on&#8220; button_letter_spacing_hover=&#8220;0&#8243; button_text_size__hover_enabled=&#8220;off&#8220; button_one_text_size__hover_enabled=&#8220;off&#8220; button_two_text_size__hover_enabled=&#8220;off&#8220; button_text_color__hover_enabled=&#8220;off&#8220; button_one_text_color__hover_enabled=&#8220;off&#8220; button_two_text_color__hover_enabled=&#8220;off&#8220; button_border_width__hover_enabled=&#8220;off&#8220; button_one_border_width__hover_enabled=&#8220;off&#8220; button_two_border_width__hover_enabled=&#8220;off&#8220; button_border_color__hover_enabled=&#8220;off&#8220; button_one_border_color__hover_enabled=&#8220;off&#8220; button_two_border_color__hover_enabled=&#8220;off&#8220; button_border_radius__hover_enabled=&#8220;off&#8220; button_one_border_radius__hover_enabled=&#8220;off&#8220; button_two_border_radius__hover_enabled=&#8220;off&#8220; button_letter_spacing__hover_enabled=&#8220;on&#8220; button_letter_spacing__hover=&#8220;0&#8243; button_one_letter_spacing__hover_enabled=&#8220;off&#8220; button_two_letter_spacing__hover_enabled=&#8220;off&#8220; button_bg_color__hover_enabled=&#8220;off&#8220; button_one_bg_color__hover_enabled=&#8220;off&#8220; button_two_bg_color__hover_enabled=&#8220;off&#8220;][et_pb_slide heading=&#8220;Tradition, die sich bew\u00e4hrt, schon seit 1974&#8243; _builder_version=&#8220;3.16&#8243; background_color=&#8220;#ffffff&#8220; background_image=&#8220;http:\/\/de.intarsia-demsar.si\/de\/wp-content\/uploads\/2015\/12\/intarsia-demsar-harmonika-1.jpg&#8220; button_icon_placement=&#8220;right&#8220; button_on_hover=&#8220;on&#8220; button_text_size__hover_enabled=&#8220;off&#8220; button_one_text_size__hover_enabled=&#8220;off&#8220; button_two_text_size__hover_enabled=&#8220;off&#8220; button_text_color__hover_enabled=&#8220;off&#8220; button_one_text_color__hover_enabled=&#8220;off&#8220; button_two_text_color__hover_enabled=&#8220;off&#8220; button_border_width__hover_enabled=&#8220;off&#8220; button_one_border_width__hover_enabled=&#8220;off&#8220; button_two_border_width__hover_enabled=&#8220;off&#8220; button_border_color__hover_enabled=&#8220;off&#8220; button_one_border_color__hover_enabled=&#8220;off&#8220; button_two_border_color__hover_enabled=&#8220;off&#8220; button_border_radius__hover_enabled=&#8220;off&#8220; button_one_border_radius__hover_enabled=&#8220;off&#8220; button_two_border_radius__hover_enabled=&#8220;off&#8220; button_letter_spacing__hover_enabled=&#8220;off&#8220; button_one_letter_spacing__hover_enabled=&#8220;off&#8220; button_two_letter_spacing__hover_enabled=&#8220;off&#8220; button_bg_color__hover_enabled=&#8220;off&#8220; button_one_bg_color__hover_enabled=&#8220;off&#8220; button_two_bg_color__hover_enabled=&#8220;off&#8220;]<strong>\u00a0&#8230; und die moderne Anwendung der Mosaik-Intarsie<\/strong><br \/>\n[\/et_pb_slide][\/et_pb_fullwidth_slider][\/et_pb_section][et_pb_section fb_built=&#8220;1&#8243; admin_label=&#8220;Section&#8220; _builder_version=&#8220;3.22&#8243;][et_pb_row admin_label=&#8220;Row&#8220; _builder_version=&#8220;3.25&#8243; background_size=&#8220;initial&#8220; background_position=&#8220;top_left&#8220; background_repeat=&#8220;repeat&#8220;][et_pb_column type=&#8220;4_4&#8243; _builder_version=&#8220;3.25&#8243; custom_padding=&#8220;|||&#8220; custom_padding__hover=&#8220;|||&#8220;][et_pb_text admin_label=&#8220;Text&#8220; _builder_version=&#8220;4.2.2&#8243; background_size=&#8220;initial&#8220; background_position=&#8220;top_left&#8220; background_repeat=&#8220;repeat&#8220; hover_enabled=&#8220;0&#8243; use_border_color=&#8220;off&#8220; border_color=&#8220;#ffffff&#8220; border_style=&#8220;solid&#8220;]<\/p>\n<p style=\"text-align: justify;\"><strong>Das Unternehmen Franc Dem\u0161ar s.p.<\/strong> ist ein Familienunternehmen, welches eine 46-j\u00e4hrige Tradition der Fertigung der Mosaik-Intarsien pflegt. Die Tradition der Produktion der Mosaik-Intarsien wird von Generation zur Generation weitergegeben. In unserem Angebot befinden sich sowohl Mosaik-Intarsien, als auch originale Holzprodukte mit einer Intarsie. Alle Holzprodukte, Intarsien und auch Mosaik-Intarsien sind handgefertigt. Sie zeichnen sich durch au\u00dfergew\u00f6hnliche Pr\u00e4zision, Naturmaterialien und Festigkeit aus. F\u00fcr die \u00e4lteren, traditionelleren Muster muss man sich beim Gesp\u00fcr der alten Meister bedanken, die die Mosaik-Intarsien schon vor mehr als 100 Jahren gefertigt haben. Viele Muster der Mosaik-Intarsien sind von Franc Dem\u0161ar und seinem Vater Janez Dem\u0161ar konzipiert worden. Neue Produkte und Muster der Mosaik-Intarsien sind mit Hilfe des artistischen Gesp\u00fcrs der akademischen Bildhauerin Andrejka \u010cufer entstanden. Unsere Mosaik-Intarsien findet man auf den Ziehharmonikas der gr\u00f6\u00dften und ber\u00fchmtesten Hersteller. Zu finden sind sie auch bei den M\u00f6beln z.B. des Hotels Esplanade Zagreb, der Tischlerei Mrak, der Tischlerei Golob etc.<\/p>\n<p><strong>Nicht zu \u00fcbersehen sind in <a href=\"http:\/\/de.intarsia-demsar.si\/?page_id=1054\">unserem Angebot die originellen Holzprodukte<\/a><\/strong><a href=\"http:\/\/de.intarsia-demsar.si\/?page_id=1054\">,<\/a> die sehr gut als Geschenke geeignet sind und in ein jedes Haus mit Stil passen.(Esplanade Zagreb hotel, Mrak joinery, Golob joinery etc.).<\/p>\n<p>[\/et_pb_text][et_pb_divider color=&#8220;#dddddd&#8220; divider_style=&#8220;dotted&#8220; disabled_on=&#8220;on|on|off&#8220; admin_label=&#8220;Divider&#8220; _builder_version=&#8220;3.23.4&#8243; height=&#8220;2px&#8220; hide_on_mobile=&#8220;on&#8220;] [\/et_pb_divider][et_pb_text admin_label=&#8220;Text&#8220; _builder_version=&#8220;3.27.4&#8243; background_size=&#8220;initial&#8220; background_position=&#8220;top_left&#8220; background_repeat=&#8220;repeat&#8220; use_border_color=&#8220;off&#8220; border_color=&#8220;#ffffff&#8220; border_style=&#8220;solid&#8220;]<\/p>\n<h2 style=\"text-align: left;\"><strong> Die Replik einer Mosaik-Intarsie der alten Meister, etwa 100 Jahre alt.<\/strong><\/h2>\n<p>[\/et_pb_text][\/et_pb_column][\/et_pb_row][\/et_pb_section][et_pb_section fb_built=&#8220;1&#8243; admin_label=&#8220;Section&#8220; _builder_version=&#8220;3.22&#8243;][et_pb_row admin_label=&#8220;Row&#8220; _builder_version=&#8220;3.25&#8243; background_size=&#8220;initial&#8220; background_position=&#8220;top_left&#8220; background_repeat=&#8220;repeat&#8220; column_structure=&#8220;1_3,1_3,1_3&#8243;][et_pb_column type=&#8220;1_3&#8243; _builder_version=&#8220;3.25&#8243; custom_padding=&#8220;|||&#8220; custom_padding__hover=&#8220;|||&#8220;][et_pb_image src=&#8220;http:\/\/intarsia-demsar.si\/wordpress\/wp-content\/uploads\/2015\/10\/zgodovina_8339.jpg&#8220; show_in_lightbox=&#8220;on&#8220; align_tablet=&#8220;center&#8220; align_last_edited=&#8220;on|desktop&#8220; admin_label=&#8220;Image&#8220; _builder_version=&#8220;3.23&#8243; animation_style=&#8220;slide&#8220; animation_direction=&#8220;bottom&#8220; animation_duration=&#8220;500ms&#8220; animation_intensity_slide=&#8220;10%&#8220; border_width_all=&#8220;0px&#8220; border_color_all=&#8220;#b79e58&#8243; border_style_all=&#8220;solid&#8220; use_border_color=&#8220;on&#8220; border_color=&#8220;#b79e58&#8243; border_style=&#8220;solid&#8220; animation=&#8220;bottom&#8220; sticky=&#8220;off&#8220; always_center_on_mobile=&#8220;on&#8220;] [\/et_pb_image][\/et_pb_column][et_pb_column type=&#8220;1_3&#8243; _builder_version=&#8220;3.25&#8243; custom_padding=&#8220;|||&#8220; custom_padding__hover=&#8220;|||&#8220;][et_pb_image src=&#8220;http:\/\/intarsia-demsar.si\/wordpress\/wp-content\/uploads\/2015\/10\/zgodovina_8337.jpg&#8220; show_in_lightbox=&#8220;on&#8220; align_tablet=&#8220;center&#8220; align_last_edited=&#8220;on|desktop&#8220; admin_label=&#8220;Image&#8220; _builder_version=&#8220;3.23&#8243; animation_style=&#8220;slide&#8220; animation_direction=&#8220;bottom&#8220; animation_duration=&#8220;500ms&#8220; animation_intensity_slide=&#8220;10%&#8220; border_width_all=&#8220;0px&#8220; border_color_all=&#8220;#b79e58&#8243; border_style_all=&#8220;solid&#8220; use_border_color=&#8220;on&#8220; border_color=&#8220;#b79e58&#8243; border_style=&#8220;solid&#8220; animation=&#8220;bottom&#8220; sticky=&#8220;off&#8220; always_center_on_mobile=&#8220;on&#8220;] [\/et_pb_image][\/et_pb_column][et_pb_column type=&#8220;1_3&#8243; _builder_version=&#8220;3.25&#8243; custom_padding=&#8220;|||&#8220; custom_padding__hover=&#8220;|||&#8220;][et_pb_image src=&#8220;http:\/\/intarsia-demsar.si\/wordpress\/wp-content\/uploads\/2015\/10\/zgodovina_8338.jpg&#8220; show_in_lightbox=&#8220;on&#8220; align_tablet=&#8220;center&#8220; align_last_edited=&#8220;on|desktop&#8220; admin_label=&#8220;Image&#8220; _builder_version=&#8220;3.23&#8243; animation_style=&#8220;slide&#8220; animation_direction=&#8220;bottom&#8220; animation_duration=&#8220;500ms&#8220; animation_intensity_slide=&#8220;10%&#8220; border_width_all=&#8220;0px&#8220; border_color_all=&#8220;#b79e58&#8243; border_style_all=&#8220;solid&#8220; use_border_color=&#8220;on&#8220; border_color=&#8220;#b79e58&#8243; border_style=&#8220;solid&#8220; animation=&#8220;bottom&#8220; sticky=&#8220;off&#8220; always_center_on_mobile=&#8220;on&#8220;] [\/et_pb_image][\/et_pb_column][\/et_pb_row][\/et_pb_section]<\/p>\n","protected":false},"excerpt":{"rendered":"<p>\u00a0&#8230; und die moderne Anwendung der Mosaik-Intarsie Das Unternehmen Franc Dem\u0161ar s.p. ist ein Familienunternehmen, welches eine 46-j\u00e4hrige Tradition der Fertigung der Mosaik-Intarsien pflegt. Die Tradition der Produktion der Mosaik-Intarsien wird von Generation zur Generation weitergegeben. In unserem Angebot befinden sich sowohl Mosaik-Intarsien, als auch originale Holzprodukte mit einer Intarsie. Alle Holzprodukte, Intarsien und auch [&hellip;]<\/p>\n","protected":false},"author":1,"featured_media":0,"parent":0,"menu_order":0,"comment_status":"closed","ping_status":"closed","template":"","meta":{"_et_pb_use_builder":"on","_et_pb_old_content":"","_et_gb_content_width":"","jetpack_post_was_ever_published":false,"footnotes":""},"jetpack_sharing_enabled":true,"jetpack_shortlink":"https:\/\/wp.me\/P7kODM-bQ","_links":{"self":[{"href":"http:\/\/de.intarsia-demsar.si\/de\/wp-json\/wp\/v2\/pages\/734"}],"collection":[{"href":"http:\/\/de.intarsia-demsar.si\/de\/wp-json\/wp\/v2\/pages"}],"about":[{"href":"http:\/\/de.intarsia-demsar.si\/de\/wp-json\/wp\/v2\/types\/page"}],"author":[{"embeddable":true,"href":"http:\/\/de.intarsia-demsar.si\/de\/wp-json\/wp\/v2\/users\/1"}],"replies":[{"embeddable":true,"href":"http:\/\/de.intarsia-demsar.si\/de\/wp-json\/wp\/v2\/comments?post=734"}],"version-history":[{"count":4,"href":"http:\/\/de.intarsia-demsar.si\/de\/wp-json\/wp\/v2\/pages\/734\/revisions"}],"predecessor-version":[{"id":1538,"href":"http:\/\/de.intarsia-demsar.si\/de\/wp-json\/wp\/v2\/pages\/734\/revisions\/1538"}],"wp:attachment":[{"href":"http:\/\/de.intarsia-demsar.si\/de\/wp-json\/wp\/v2\/media?parent=734"}],"curies":[{"name":"wp","href":"https:\/\/api.w.org\/{rel}","templated":true}]}}