{"id":919,"date":"2015-10-28T11:16:10","date_gmt":"2015-10-28T11:16:10","guid":{"rendered":"http:\/\/intarsia-demsar.si\/wordpress\/?page_id=919"},"modified":"2016-03-14T18:09:36","modified_gmt":"2016-03-14T18:09:36","slug":"uhren-mit-einer-mosaik-intarsie","status":"publish","type":"page","link":"http:\/\/de.intarsia-demsar.si\/de\/produkte\/uhren-mit-einer-mosaik-intarsie\/","title":{"rendered":"Uhren mit einer Mosaik-Intarsie"},"content":{"rendered":"<p>[et_pb_section admin_label=&#8220;section&#8220; fullwidth=&#8220;on&#8220; specialty=&#8220;off&#8220;][et_pb_fullwidth_slider admin_label=&#8220;Fullwidth Slider&#8220; show_arrows=&#8220;off&#8220; show_pagination=&#8220;off&#8220; auto=&#8220;off&#8220; parallax=&#8220;off&#8220; auto_ignore_hover=&#8220;off&#8220; parallax_method=&#8220;off&#8220; remove_inner_shadow=&#8220;off&#8220; background_position=&#8220;default&#8220; background_size=&#8220;default&#8220; hide_content_on_mobile=&#8220;off&#8220; hide_cta_on_mobile=&#8220;off&#8220; show_image_video_mobile=&#8220;off&#8220; custom_button=&#8220;off&#8220; button_letter_spacing=&#8220;0&#8243; button_use_icon=&#8220;default&#8220; button_icon_placement=&#8220;right&#8220; button_on_hover=&#8220;on&#8220; button_letter_spacing_hover=&#8220;0&#8243;] [et_pb_slide background_image=&#8220;http:\/\/en.intarsia-demsar.si\/en\/wp-content\/uploads\/2015\/12\/3intarsia-demsar-slide.jpg&#8220; background_color=&#8220;#ffffff&#8220; alignment=&#8220;center&#8220; background_layout=&#8220;dark&#8220; background_position=&#8220;default&#8220; background_size=&#8220;default&#8220; allow_player_pause=&#8220;off&#8220; header_font_select=&#8220;default&#8220; body_font_select=&#8220;default&#8220; custom_button=&#8220;off&#8220; button_font_select=&#8220;default&#8220; button_use_icon=&#8220;default&#8220; button_icon_placement=&#8220;right&#8220; button_on_hover=&#8220;on&#8220; heading=&#8220;Uhren mit einer Mosaik-Intarsie&#8220;]<\/p>\n<p><strong>Intarsie \u2013 das Detail, das jeden Produkt veredelt<\/strong><\/p>\n<p>[\/et_pb_slide] [\/et_pb_fullwidth_slider][\/et_pb_section][et_pb_section admin_label=&#8220;Section&#8220; fullwidth=&#8220;off&#8220; specialty=&#8220;on&#8220;][et_pb_column type=&#8220;1_3&#8243;][et_pb_image admin_label=&#8220;Image&#8220; src=&#8220;http:\/\/intarsia-demsar.si\/wordpress\/wp-content\/uploads\/2015\/10\/IMG_82012.jpg&#8220; show_in_lightbox=&#8220;on&#8220; url_new_window=&#8220;off&#8220; animation=&#8220;bottom&#8220; sticky=&#8220;off&#8220; align=&#8220;left&#8220; force_fullwidth=&#8220;off&#8220; always_center_on_mobile=&#8220;on&#8220; use_border_color=&#8220;on&#8220; border_color=&#8220;#c1a489&#8243; border_style=&#8220;solid&#8220;] [\/et_pb_image][\/et_pb_column][et_pb_column type=&#8220;2_3&#8243; specialty_columns=&#8220;2&#8243;][et_pb_row_inner admin_label=&#8220;Row&#8220;][et_pb_column_inner type=&#8220;4_4&#8243; saved_specialty_column_type=&#8220;2_3&#8243;][et_pb_text admin_label=&#8220;Text&#8220; background_layout=&#8220;light&#8220; text_orientation=&#8220;left&#8220; use_border_color=&#8220;off&#8220; border_color=&#8220;#ffffff&#8220; border_style=&#8220;solid&#8220;]<\/p>\n<p style=\"text-align: justify;\"><strong>Jede Uhr ist anders, jede ist im Ganzen originell.<\/strong> Unsere Uhren sind aus Holz gemacht und sehr leicht. Sie sind mit einem sehr qualitativen Quarzmechanismus und Zeigefinger aus Aluminium ausgestattet.<br \/>\nPrim\u00e4rdimensionen der Uhren sind 30&#215;30 cm. Mit Zusatzteilen erh\u00f6ht sich die H\u00f6he auf 39 cm bei der Uhr \u201eV\u00f6gelchen\u201c. Die Uhrenserie \u201eV\u00f6gelchen\u201c ist von dem Konzept der traditionellen Uhren mit halbrundem Abschluss inspiriert.<\/p>\n<p>[\/et_pb_text][\/et_pb_column_inner][\/et_pb_row_inner][\/et_pb_column][\/et_pb_section][et_pb_section admin_label=&#8220;Section&#8220; fullwidth=&#8220;off&#8220; specialty=&#8220;off&#8220;][et_pb_row admin_label=&#8220;Row&#8220;][et_pb_column type=&#8220;4_4&#8243;][et_pb_gallery admin_label=&#8220;Gallery&#8220; gallery_ids=&#8220;1377,1376,1374,1371,1372,1375,1337,1373&#8243; fullwidth=&#8220;off&#8220; posts_number=&#8220;8&#8243; show_title_and_caption=&#8220;off&#8220; show_pagination=&#8220;off&#8220; background_layout=&#8220;light&#8220; auto=&#8220;off&#8220; hover_overlay_color=&#8220;rgba(255,255,255,0.9)&#8220; caption_all_caps=&#8220;off&#8220; use_border_color=&#8220;off&#8220; border_color=&#8220;#ffffff&#8220; border_style=&#8220;solid&#8220;] [\/et_pb_gallery][\/et_pb_column][\/et_pb_row][\/et_pb_section]<\/p>\n","protected":false},"excerpt":{"rendered":"<p>Intarsie \u2013 das Detail, das jeden Produkt veredelt Jede Uhr ist anders, jede ist im Ganzen originell. Unsere Uhren sind aus Holz gemacht und sehr leicht. Sie sind mit einem sehr qualitativen Quarzmechanismus und Zeigefinger aus Aluminium ausgestattet. Prim\u00e4rdimensionen der Uhren sind 30&#215;30 cm. Mit Zusatzteilen erh\u00f6ht sich die H\u00f6he auf 39 cm bei der [&hellip;]<\/p>\n","protected":false},"author":1,"featured_media":0,"parent":1440,"menu_order":0,"comment_status":"closed","ping_status":"closed","template":"","meta":{"_et_pb_use_builder":"on","_et_pb_old_content":"","_et_gb_content_width":"","jetpack_post_was_ever_published":false,"footnotes":""},"jetpack_sharing_enabled":true,"jetpack_shortlink":"https:\/\/wp.me\/P7kODM-eP","_links":{"self":[{"href":"http:\/\/de.intarsia-demsar.si\/de\/wp-json\/wp\/v2\/pages\/919"}],"collection":[{"href":"http:\/\/de.intarsia-demsar.si\/de\/wp-json\/wp\/v2\/pages"}],"about":[{"href":"http:\/\/de.intarsia-demsar.si\/de\/wp-json\/wp\/v2\/types\/page"}],"author":[{"embeddable":true,"href":"http:\/\/de.intarsia-demsar.si\/de\/wp-json\/wp\/v2\/users\/1"}],"replies":[{"embeddable":true,"href":"http:\/\/de.intarsia-demsar.si\/de\/wp-json\/wp\/v2\/comments?post=919"}],"version-history":[{"count":4,"href":"http:\/\/de.intarsia-demsar.si\/de\/wp-json\/wp\/v2\/pages\/919\/revisions"}],"predecessor-version":[{"id":1459,"href":"http:\/\/de.intarsia-demsar.si\/de\/wp-json\/wp\/v2\/pages\/919\/revisions\/1459"}],"up":[{"embeddable":true,"href":"http:\/\/de.intarsia-demsar.si\/de\/wp-json\/wp\/v2\/pages\/1440"}],"wp:attachment":[{"href":"http:\/\/de.intarsia-demsar.si\/de\/wp-json\/wp\/v2\/media?parent=919"}],"curies":[{"name":"wp","href":"https:\/\/api.w.org\/{rel}","templated":true}]}}