{"id":921,"date":"2015-10-28T11:16:42","date_gmt":"2015-10-28T11:16:42","guid":{"rendered":"http:\/\/intarsia-demsar.si\/wordpress\/?page_id=921"},"modified":"2016-03-14T17:54:31","modified_gmt":"2016-03-14T17:54:31","slug":"brauchbare-produkte-mit-einer-mosaik-intarsie","status":"publish","type":"page","link":"http:\/\/de.intarsia-demsar.si\/de\/produkte\/brauchbare-produkte-mit-einer-mosaik-intarsie\/","title":{"rendered":"Brauchbare Produkte mit einer Mosaik-Intarsie"},"content":{"rendered":"<p>[et_pb_section admin_label=&#8220;section&#8220; fullwidth=&#8220;on&#8220; specialty=&#8220;off&#8220;][et_pb_fullwidth_slider admin_label=&#8220;Fullwidth Slider&#8220; show_arrows=&#8220;off&#8220; show_pagination=&#8220;off&#8220; auto=&#8220;off&#8220; parallax=&#8220;off&#8220; auto_ignore_hover=&#8220;off&#8220; parallax_method=&#8220;off&#8220; remove_inner_shadow=&#8220;off&#8220; background_position=&#8220;default&#8220; background_size=&#8220;default&#8220; hide_content_on_mobile=&#8220;off&#8220; hide_cta_on_mobile=&#8220;off&#8220; show_image_video_mobile=&#8220;off&#8220; custom_button=&#8220;off&#8220; button_letter_spacing=&#8220;0&#8243; button_use_icon=&#8220;default&#8220; button_icon_placement=&#8220;right&#8220; button_on_hover=&#8220;on&#8220; button_letter_spacing_hover=&#8220;0&#8243;] [et_pb_slide background_image=&#8220;http:\/\/de.intarsia-demsar.si\/de\/wp-content\/uploads\/2015\/12\/intarsia-img-1.jpg&#8220; background_color=&#8220;#ffffff&#8220; alignment=&#8220;center&#8220; background_layout=&#8220;dark&#8220; background_position=&#8220;default&#8220; background_size=&#8220;default&#8220; allow_player_pause=&#8220;off&#8220; header_font_select=&#8220;default&#8220; body_font_select=&#8220;default&#8220; custom_button=&#8220;off&#8220; button_font_select=&#8220;default&#8220; button_use_icon=&#8220;default&#8220; button_icon_placement=&#8220;right&#8220; button_on_hover=&#8220;on&#8220; heading=&#8220;Brauchbare Produkte mit einer Mosaik-Intarsie&#8220; header_font_size=&#8220;32&#8243;]<\/p>\n<p><strong>Intarsie \u2013 das Detail, das jeden Produkt veredelt<\/strong><\/p>\n<p>[\/et_pb_slide] [\/et_pb_fullwidth_slider][\/et_pb_section][et_pb_section admin_label=&#8220;Section&#8220; fullwidth=&#8220;off&#8220; specialty=&#8220;on&#8220;][et_pb_column type=&#8220;1_3&#8243;][et_pb_image admin_label=&#8220;Image&#8220; src=&#8220;http:\/\/intarsia-demsar.si\/wordpress\/wp-content\/uploads\/2015\/10\/3IMG_8183.jpg&#8220; show_in_lightbox=&#8220;off&#8220; url_new_window=&#8220;off&#8220; animation=&#8220;bottom&#8220; sticky=&#8220;off&#8220; align=&#8220;left&#8220; force_fullwidth=&#8220;off&#8220; always_center_on_mobile=&#8220;on&#8220; use_border_color=&#8220;on&#8220; border_color=&#8220;#c1a489&#8243; border_style=&#8220;solid&#8220; max_width=&#8220;200px&#8220;] [\/et_pb_image][\/et_pb_column][et_pb_column type=&#8220;2_3&#8243; specialty_columns=&#8220;2&#8243;][et_pb_row_inner admin_label=&#8220;Row&#8220;][et_pb_column_inner type=&#8220;4_4&#8243; saved_specialty_column_type=&#8220;2_3&#8243;][et_pb_text admin_label=&#8220;Text&#8220; background_layout=&#8220;light&#8220; text_orientation=&#8220;left&#8220; use_border_color=&#8220;off&#8220; border_color=&#8220;#ffffff&#8220; border_style=&#8220;solid&#8220;]<\/p>\n<p style=\"text-align: justify;\"><strong>In jedes Holzobjekt kann eine Intarsie integriert werden, die das Fertigprodukt veredelt.<\/strong> Als Beispiel sehen Sie h\u00f6lzerne V\u00f6gelchen mit einem integriertem Magnet, Schatullen f\u00fcr die Hochzeitsringe, Notizb\u00fccher mit h\u00f6lzernen Buchdeckel und einen Buchr\u00fccken aus Leder. Ganz speziell sind die traditionellen Spitzen aus der Stadt \u017delezniki mit einer integrierten Intarsie. In einem \u00e4hnlichen Rahmen mit Intarsie passt auch ein Spiegel rein.<\/p>\n<p>[\/et_pb_text][\/et_pb_column_inner][\/et_pb_row_inner][\/et_pb_column][\/et_pb_section][et_pb_section admin_label=&#8220;Section&#8220; fullwidth=&#8220;off&#8220; specialty=&#8220;off&#8220;][et_pb_row admin_label=&#8220;Row&#8220;][et_pb_column type=&#8220;4_4&#8243;][et_pb_gallery admin_label=&#8220;Gallery1&#8243; gallery_ids=&#8220;1409,1403,1407,1405,1406,1410,1411,1413,1414,1415,1416,1417&#8243; fullwidth=&#8220;off&#8220; posts_number=&#8220;12&#8243; show_title_and_caption=&#8220;off&#8220; show_pagination=&#8220;off&#8220; background_layout=&#8220;light&#8220; auto=&#8220;off&#8220; hover_overlay_color=&#8220;rgba(214,214,214,0.9)&#8220; caption_all_caps=&#8220;off&#8220; use_border_color=&#8220;off&#8220; border_color=&#8220;#ffffff&#8220; border_style=&#8220;solid&#8220;] [\/et_pb_gallery][\/et_pb_column][\/et_pb_row][\/et_pb_section]<\/p>\n","protected":false},"excerpt":{"rendered":"<p>Intarsie \u2013 das Detail, das jeden Produkt veredelt In jedes Holzobjekt kann eine Intarsie integriert werden, die das Fertigprodukt veredelt. Als Beispiel sehen Sie h\u00f6lzerne V\u00f6gelchen mit einem integriertem Magnet, Schatullen f\u00fcr die Hochzeitsringe, Notizb\u00fccher mit h\u00f6lzernen Buchdeckel und einen Buchr\u00fccken aus Leder. Ganz speziell sind die traditionellen Spitzen aus der Stadt \u017delezniki mit einer [&hellip;]<\/p>\n","protected":false},"author":1,"featured_media":0,"parent":1440,"menu_order":0,"comment_status":"closed","ping_status":"closed","template":"","meta":{"_et_pb_use_builder":"on","_et_pb_old_content":"","_et_gb_content_width":"","jetpack_post_was_ever_published":false,"footnotes":""},"jetpack_sharing_enabled":true,"jetpack_shortlink":"https:\/\/wp.me\/P7kODM-eR","_links":{"self":[{"href":"http:\/\/de.intarsia-demsar.si\/de\/wp-json\/wp\/v2\/pages\/921"}],"collection":[{"href":"http:\/\/de.intarsia-demsar.si\/de\/wp-json\/wp\/v2\/pages"}],"about":[{"href":"http:\/\/de.intarsia-demsar.si\/de\/wp-json\/wp\/v2\/types\/page"}],"author":[{"embeddable":true,"href":"http:\/\/de.intarsia-demsar.si\/de\/wp-json\/wp\/v2\/users\/1"}],"replies":[{"embeddable":true,"href":"http:\/\/de.intarsia-demsar.si\/de\/wp-json\/wp\/v2\/comments?post=921"}],"version-history":[{"count":7,"href":"http:\/\/de.intarsia-demsar.si\/de\/wp-json\/wp\/v2\/pages\/921\/revisions"}],"predecessor-version":[{"id":1454,"href":"http:\/\/de.intarsia-demsar.si\/de\/wp-json\/wp\/v2\/pages\/921\/revisions\/1454"}],"up":[{"embeddable":true,"href":"http:\/\/de.intarsia-demsar.si\/de\/wp-json\/wp\/v2\/pages\/1440"}],"wp:attachment":[{"href":"http:\/\/de.intarsia-demsar.si\/de\/wp-json\/wp\/v2\/media?parent=921"}],"curies":[{"name":"wp","href":"https:\/\/api.w.org\/{rel}","templated":true}]}}