{"id":70,"date":"2015-10-19T10:56:51","date_gmt":"2015-10-19T10:56:51","guid":{"rendered":"http:\/\/intarsia-demsar.si\/wordpress\/?page_id=70"},"modified":"2016-03-29T16:42:36","modified_gmt":"2016-03-29T16:42:36","slug":"home","status":"publish","type":"page","link":"https:\/\/de.intarsia-demsar.si\/de\/","title":{"rendered":"HOME"},"content":{"rendered":"<p>[et_pb_section admin_label=&#8220;section&#8220; fullwidth=&#8220;on&#8220; specialty=&#8220;off&#8220;][et_pb_fullwidth_slider admin_label=&#8220;Fullwidth Slider&#8220; show_arrows=&#8220;on&#8220; show_pagination=&#8220;on&#8220; auto=&#8220;on&#8220; parallax=&#8220;off&#8220; auto_ignore_hover=&#8220;on&#8220; parallax_method=&#8220;on&#8220; remove_inner_shadow=&#8220;off&#8220; background_position=&#8220;default&#8220; background_size=&#8220;default&#8220; hide_content_on_mobile=&#8220;off&#8220; hide_cta_on_mobile=&#8220;off&#8220; show_image_video_mobile=&#8220;off&#8220; custom_button=&#8220;off&#8220; button_letter_spacing=&#8220;0&#8243; button_use_icon=&#8220;default&#8220; button_icon_placement=&#8220;right&#8220; button_on_hover=&#8220;on&#8220; button_letter_spacing_hover=&#8220;0&#8243; auto_speed=&#8220;6000&#8243;] [et_pb_slide heading=&#8220;Zeitlose Mosaik-Intarsie&#8220; button_text=&#8220;Weiterlesen &#8230;&#8220; button_link=&#8220;http:\/\/de.intarsia-demsar.si\/de\/?page_id=919&#8243; alignment=&#8220;center&#8220; background_layout=&#8220;dark&#8220; background_image=&#8220;http:\/\/de.intarsia-demsar.si\/de\/wp-content\/uploads\/2015\/12\/3intarsia-demsar-slide-1.jpg&#8220; background_position=&#8220;center&#8220; background_size=&#8220;initial&#8220; allow_player_pause=&#8220;off&#8220; header_font_select=&#8220;default&#8220; body_font_select=&#8220;default&#8220; custom_button=&#8220;off&#8220; button_font_select=&#8220;default&#8220; button_use_icon=&#8220;default&#8220; button_icon_placement=&#8220;right&#8220; button_on_hover=&#8220;on&#8220; image=&#8220;http:\/\/intarsia-demsar.si\/wordpress\/wp-content\/uploads\/2015\/10\/blank.png&#8220; background_color=&#8220;#ffffff&#8220;]<\/p>\n<p style=\"text-align: left;\">Das Unternehmen Franc Dem\u0161ar s.p. pflegt schon seit mehreren Jahrzehnten die Tradition der Ausfertigung echter <strong>Mosaik-Intarsie<\/strong>. Es setzt die Geschichte \u00fcber die Schatulle der Gro\u00dfmutter, Kommode der Mama, N\u00e4hmaschine der Tante, die Harmonika des Gro\u00dfvaters und Gitarre des Bruders fort \u2013 und gibt ihr einen neuen Glanz.<\/p>\n<p>[\/et_pb_slide][et_pb_slide heading=&#8220;Bis zu 250 Holzst\u00fcckchen in jedem Zentimeter&#8220; button_text=&#8220;Weiterlesen &#8230;&#8220; button_link=&#8220;http:\/\/en.intarsia-demsar.si\/?page_id=735&#8243; background_image=&#8220;http:\/\/de.intarsia-demsar.si\/de\/wp-content\/uploads\/2015\/12\/1intarsia-demsar-slide-1.jpg&#8220; background_position=&#8220;center&#8220; background_size=&#8220;initial&#8220; background_color=&#8220;#ffffff&#8220; alignment=&#8220;center&#8220; background_layout=&#8220;dark&#8220; allow_player_pause=&#8220;off&#8220; header_font_select=&#8220;default&#8220; body_font_select=&#8220;default&#8220; custom_button=&#8220;off&#8220; button_font_select=&#8220;default&#8220; button_use_icon=&#8220;default&#8220; button_icon_placement=&#8220;right&#8220; button_on_hover=&#8220;on&#8220; image=&#8220;http:\/\/intarsia-demsar.si\/wordpress\/wp-content\/uploads\/2015\/10\/blank.png&#8220;] Rhythmische Aneinanderreihung der Jahresringe im Holz ist die Spiegelung des Lebens. Kleine Muster, die sich in der <strong>Mosaik-Intarsie<\/strong> rhythmisch wiederholen, betonen, wie sch\u00f6n das Leben ist. [\/et_pb_slide][et_pb_slide heading=&#8220;H\u00f6lzerne Fertigprodukte mit Seele&#8220; button_text=&#8220;Weiterlesen &#8230;&#8220; button_link=&#8220;http:\/\/en.intarsia-demsar.si\/?page_id=921&#8243; background_image=&#8220;http:\/\/de.intarsia-demsar.si\/de\/wp-content\/uploads\/2015\/12\/2intarsia-demsar-slide-1.jpg&#8220; background_position=&#8220;center&#8220; background_size=&#8220;initial&#8220; background_color=&#8220;#ffffff&#8220; alignment=&#8220;center&#8220; background_layout=&#8220;dark&#8220; allow_player_pause=&#8220;off&#8220; header_font_select=&#8220;default&#8220; body_font_select=&#8220;default&#8220; custom_button=&#8220;off&#8220; button_font_select=&#8220;default&#8220; button_use_icon=&#8220;default&#8220; button_icon_placement=&#8220;right&#8220; button_on_hover=&#8220;on&#8220; image=&#8220;http:\/\/intarsia-demsar.si\/wordpress\/wp-content\/uploads\/2015\/10\/blank.png&#8220;]<\/p>\n<p style=\"text-align: left;\">Wie kleine V\u00f6gel, die die Baumkrone zum Leben erwecken, geben auch die zarten <strong>Mosaik-Intarsien<\/strong> ihren Gegenst\u00e4nden das Siegel der Einzigartigkeit und des hohen Wertes.<\/p>\n<p>[\/et_pb_slide][et_pb_slide heading=&#8220;Tischlein, deck dich nicht!&#8220; button_text=&#8220;Weiterlesen &#8230;&#8220; button_link=&#8220;http:\/\/en.intarsia-demsar.si\/?page_id=920&#8243; alignment=&#8220;center&#8220; background_layout=&#8220;dark&#8220; background_image=&#8220;http:\/\/de.intarsia-demsar.si\/de\/wp-content\/uploads\/2015\/12\/4intarsia-demsar-slide-1.jpg&#8220; background_position=&#8220;center&#8220; background_size=&#8220;initial&#8220; allow_player_pause=&#8220;off&#8220; header_font_select=&#8220;default&#8220; body_font_select=&#8220;default&#8220; custom_button=&#8220;off&#8220; button_font_select=&#8220;default&#8220; button_use_icon=&#8220;default&#8220; button_icon_placement=&#8220;right&#8220; button_on_hover=&#8220;on&#8220; image=&#8220;http:\/\/intarsia-demsar.si\/wordpress\/wp-content\/uploads\/2015\/10\/blank.png&#8220; background_color=&#8220;#ffffff&#8220;] Unsere Produkte bringen Freude und Vergn\u00fcgen. Ein Tisch mit einer <strong>Mosaik-Intarsie<\/strong> braucht kein Tischtuch mehr! [\/et_pb_slide] [\/et_pb_fullwidth_slider][\/et_pb_section][et_pb_section admin_label=&#8220;section&#8220;][et_pb_row admin_label=&#8220;row&#8220; make_fullwidth=&#8220;off&#8220; use_custom_width=&#8220;off&#8220; width_unit=&#8220;on&#8220; use_custom_gutter=&#8220;off&#8220; padding_mobile=&#8220;off&#8220; allow_player_pause=&#8220;off&#8220; parallax=&#8220;off&#8220; parallax_method=&#8220;on&#8220; make_equal=&#8220;off&#8220; column_padding_mobile=&#8220;on&#8220;][et_pb_column type=&#8220;1_4&#8243;][et_pb_blurb admin_label=&#8220;Blurb&#8220; title=&#8220;Holzerne Mosaik-Intarsie&#8220; url=&#8220;http:\/\/de.intarsia-demsar.si\/?page_id=734&#8243; url_new_window=&#8220;off&#8220; use_icon=&#8220;off&#8220; icon_color=&#8220;#7EBEC5&#8243; use_circle=&#8220;off&#8220; circle_color=&#8220;#7EBEC5&#8243; use_circle_border=&#8220;off&#8220; circle_border_color=&#8220;#7EBEC5&#8243; image=&#8220;http:\/\/de.intarsia-demsar.si\/de\/wp-content\/uploads\/2015\/10\/4-okvirji-1.jpg&#8220; icon_placement=&#8220;top&#8220; animation=&#8220;top&#8220; background_layout=&#8220;light&#8220; text_orientation=&#8220;center&#8220; use_icon_font_size=&#8220;off&#8220; use_border_color=&#8220;off&#8220; border_color=&#8220;#ffffff&#8220; border_style=&#8220;solid&#8220;]<\/p>\n<p style=\"text-align: justify;\"><strong>Insbesondere die handgefertigte Produkte basieren auf der Tradition<\/strong>, die sich von Generation zu Generation <strong>seit 1974 \u00fcbertr\u00e4gt<\/strong>. Die Tradition der Fertigung <strong>der Mosaik-Intarsien<\/strong> hat sich im <strong>Familienunternehmen Franc Dem\u0161ar s.p.<\/strong>\u00a0seit mehr als 40 Jahren bew\u00e4hrt. Unter unseren Produkten befinden sich viele verschiedene Typen der Mosaik-Intarsien, von traditionellen\u00a0 bis zu inovativen und neuen Variantionen. <strong>Wir bieten auch ma\u00dfgefertigte Produkte f\u00fcr Kunden, die sich eine Mosaik-Intarsie nach ihren eigenen Design w\u00fcnschen.<\/strong><\/p>\n<p>[\/et_pb_blurb][\/et_pb_column][et_pb_column type=&#8220;1_4&#8243;][et_pb_blurb admin_label=&#8220;Blurb&#8220; title=&#8220;Uhren mit einer Mosaik-Intarsie&#8220; url_new_window=&#8220;off&#8220; use_icon=&#8220;off&#8220; icon_color=&#8220;#2ea3f2&#8243; use_circle=&#8220;off&#8220; circle_color=&#8220;#2ea3f2&#8243; use_circle_border=&#8220;off&#8220; circle_border_color=&#8220;#2ea3f2&#8243; image=&#8220;http:\/\/de.intarsia-demsar.si\/de\/wp-content\/uploads\/2015\/10\/3-okvirji-demsar1-1.jpg&#8220; icon_placement=&#8220;top&#8220; animation=&#8220;top&#8220; background_layout=&#8220;light&#8220; text_orientation=&#8220;center&#8220; url=&#8220;http:\/\/de.intarsia-demsar.si\/?page_id=919&#8243; font_icon=&#8220;%%345%%&#8220; use_icon_font_size=&#8220;off&#8220; use_border_color=&#8220;off&#8220; border_color=&#8220;#ffffff&#8220; border_style=&#8220;solid&#8220; alt=&#8220;Intarsia Demsar&#8220;]<\/p>\n<p style=\"text-align: justify;\"><strong>Jede Uhr ist anders, jede ist im Ganzen originell.<\/strong> Unsere <strong>Uhren sind aus Holz<\/strong> gemacht und <strong>sehr leicht<\/strong>.<br \/>\nSie sind mit einem sehr qualitativen Quarzmechanismus und Zeigefinger aus Aluminium ausgestattet. Die Uhrenserie \u201eV\u00f6gelchen\u201c ist von dem Konzept der traditionellen Uhren mit halbrundem Abschluss inspiriert.<\/p>\n<p>[\/et_pb_blurb][\/et_pb_column][et_pb_column type=&#8220;1_4&#8243;][et_pb_blurb admin_label=&#8220;Blurb&#8220; title=&#8220;M\u00f6bel mit Mosaik-Intarsie&#8220; url_new_window=&#8220;off&#8220; use_icon=&#8220;off&#8220; icon_color=&#8220;#2ea3f2&#8243; use_circle=&#8220;off&#8220; circle_color=&#8220;#2ea3f2&#8243; use_circle_border=&#8220;off&#8220; circle_border_color=&#8220;#2ea3f2&#8243; image=&#8220;http:\/\/de.intarsia-demsar.si\/de\/wp-content\/uploads\/2015\/10\/3-okvirji-demsar2-1.jpg&#8220; icon_placement=&#8220;top&#8220; animation=&#8220;top&#8220; background_layout=&#8220;light&#8220; text_orientation=&#8220;center&#8220; font_icon=&#8220;%%312%%&#8220; use_icon_font_size=&#8220;off&#8220; use_border_color=&#8220;off&#8220; border_color=&#8220;#ffffff&#8220; border_style=&#8220;solid&#8220; url=&#8220;http:\/\/de.intarsia-demsar.si\/?page_id=920&#8243; alt=&#8220;Intarsia Demsar&#8220;]<\/p>\n<p style=\"text-align: justify;\"><strong>Wie erkennt man eine echte Mosaik-Intarsie?<\/strong> Bei einer hochwertigen Mosaik-Intarsie ist es wichtig, nach absoluter Perfektion zu streben, angefangen mit der Planung der Intarsie, Anpassungen an das Fertigprodukt, Kombination der Holzarten sowie Farbt\u00f6nungen und Unregelm\u00e4\u00dfigkeiten im Holzwachstum. In der kompletter Arbeit stecken sehr viel Handarbeit und viel Gef\u00fchl f\u00fcr die Details.<\/p>\n<p>[\/et_pb_blurb][\/et_pb_column][et_pb_column type=&#8220;1_4&#8243;][et_pb_blurb admin_label=&#8220;Blurb&#8220; title=&#8220;Brauchbare Gegenst\u00e4nde mit einer Mosaik-Intarsie&#8220; url_new_window=&#8220;off&#8220; use_icon=&#8220;off&#8220; icon_color=&#8220;#2ea3f2&#8243; use_circle=&#8220;off&#8220; circle_color=&#8220;#2ea3f2&#8243; use_circle_border=&#8220;off&#8220; circle_border_color=&#8220;#2ea3f2&#8243; image=&#8220;http:\/\/de.intarsia-demsar.si\/de\/wp-content\/uploads\/2015\/10\/3-okvirji-demsar3-1.jpg&#8220; icon_placement=&#8220;top&#8220; animation=&#8220;top&#8220; background_layout=&#8220;light&#8220; text_orientation=&#8220;center&#8220; font_icon=&#8220;%%259%%&#8220; use_icon_font_size=&#8220;off&#8220; use_border_color=&#8220;off&#8220; border_color=&#8220;#ffffff&#8220; border_style=&#8220;solid&#8220; url=&#8220;http:\/\/de.intarsia-demsar.si\/?page_id=921&#8243; alt=&#8220;Intarsia Demsar&#8220;]<\/p>\n<p style=\"text-align: justify;\"><strong>Die Intarsie \u2013 ein Detail, das jedes Fertigprodukt veredelt.<\/strong> Wir bieten u.a. Serien mit h\u00f6lzernen Wanduhren mit Intarsie, Schatullen mit Intarsie, Notizb\u00fccher mit Holzh\u00fclle und integrierter Intarsie, sowie andere Holzprodukte.<\/p>\n<p style=\"text-align: justify;\"><strong>Das Holz ist eine Intarsie. Die Intarsie ist eine Geschichte.<\/strong><\/p>\n<p>[\/et_pb_blurb][\/et_pb_column][\/et_pb_row][\/et_pb_section][et_pb_section admin_label=&#8220;Section&#8220; fullwidth=&#8220;on&#8220; specialty=&#8220;off&#8220;][et_pb_fullwidth_image admin_label=&#8220;Fullwidth Image&#8220; src=&#8220;http:\/\/de.intarsia-demsar.si\/de\/wp-content\/uploads\/2015\/12\/intarsia-demsar-home12-1.jpg&#8220; show_in_lightbox=&#8220;off&#8220; url_new_window=&#8220;off&#8220; animation=&#8220;off&#8220; use_border_color=&#8220;off&#8220; border_color=&#8220;#ffffff&#8220; border_style=&#8220;solid&#8220; title_text=&#8220;Die Intarsie ist mehr als nur Schmuck!&#8220; alt=&#8220;Die Intarsie ist mehr als nur Schmuck!&#8220;] [\/et_pb_fullwidth_image][et_pb_fullwidth_slider admin_label=&#8220;Fullwidth Slider&#8220; show_arrows=&#8220;off&#8220; show_pagination=&#8220;off&#8220; auto=&#8220;off&#8220; auto_ignore_hover=&#8220;off&#8220; parallax=&#8220;on&#8220; parallax_method=&#8220;on&#8220; remove_inner_shadow=&#8220;off&#8220; background_position=&#8220;default&#8220; background_size=&#8220;default&#8220; hide_content_on_mobile=&#8220;off&#8220; hide_cta_on_mobile=&#8220;off&#8220; show_image_video_mobile=&#8220;off&#8220; custom_button=&#8220;off&#8220; button_letter_spacing=&#8220;0&#8243; button_use_icon=&#8220;default&#8220; button_icon_placement=&#8220;right&#8220; button_on_hover=&#8220;on&#8220; button_letter_spacing_hover=&#8220;0&#8243; body_font_size=&#8220;20&#8243;] [et_pb_slide background_image=&#8220;http:\/\/de.intarsia-demsar.si\/de\/wp-content\/uploads\/2015\/12\/DSC03221-1.jpg&#8220; background_position=&#8220;center&#8220; background_size=&#8220;default&#8220; background_color=&#8220;#ffffff&#8220; alignment=&#8220;center&#8220; background_layout=&#8220;dark&#8220; allow_player_pause=&#8220;off&#8220; header_font_select=&#8220;default&#8220; body_font_select=&#8220;default&#8220; custom_button=&#8220;off&#8220; button_font_select=&#8220;default&#8220; button_use_icon=&#8220;default&#8220; button_icon_placement=&#8220;right&#8220; button_on_hover=&#8220;on&#8220; heading=&#8220;Die Intarsie ist mehr als nur Schmuck!&#8220;]<\/p>\n<p style=\"text-align: left;\">Unsere <strong>Mosaik-Intarsien<\/strong> entdecken die Geheimnisse des Holzes. In Kombination mit anderen Holzarten ergeben sie ein Mosaik und erstrahlen in all ihren Farben und gl\u00e4nzen hinsichtlich W\u00e4rme, Licht und Mattheit. Das Mosaik aus Holz erschafft die Geschichte einer Intarsie, die sich mit ihrer Energie und Sch\u00f6nheit r\u00fchmt.<\/p>\n<p>[\/et_pb_slide] [\/et_pb_fullwidth_slider][\/et_pb_section]<\/p>\n","protected":false},"excerpt":{"rendered":"<p>Das Unternehmen Franc Dem\u0161ar s.p. pflegt schon seit mehreren Jahrzehnten die Tradition der Ausfertigung echter Mosaik-Intarsie. Es setzt die Geschichte \u00fcber die Schatulle der Gro\u00dfmutter, Kommode der Mama, N\u00e4hmaschine der Tante, die Harmonika des Gro\u00dfvaters und Gitarre des Bruders fort \u2013 und gibt ihr einen neuen Glanz. Rhythmische Aneinanderreihung der Jahresringe im Holz ist die [&hellip;]<\/p>\n","protected":false},"author":1,"featured_media":0,"parent":0,"menu_order":0,"comment_status":"closed","ping_status":"closed","template":"","meta":{"_et_pb_use_builder":"on","_et_pb_old_content":"","_et_gb_content_width":"","jetpack_post_was_ever_published":false,"footnotes":""},"jetpack_sharing_enabled":true,"jetpack_shortlink":"https:\/\/wp.me\/P7kODM-18","_links":{"self":[{"href":"https:\/\/de.intarsia-demsar.si\/de\/wp-json\/wp\/v2\/pages\/70"}],"collection":[{"href":"https:\/\/de.intarsia-demsar.si\/de\/wp-json\/wp\/v2\/pages"}],"about":[{"href":"https:\/\/de.intarsia-demsar.si\/de\/wp-json\/wp\/v2\/types\/page"}],"author":[{"embeddable":true,"href":"https:\/\/de.intarsia-demsar.si\/de\/wp-json\/wp\/v2\/users\/1"}],"replies":[{"embeddable":true,"href":"https:\/\/de.intarsia-demsar.si\/de\/wp-json\/wp\/v2\/comments?post=70"}],"version-history":[{"count":7,"href":"https:\/\/de.intarsia-demsar.si\/de\/wp-json\/wp\/v2\/pages\/70\/revisions"}],"predecessor-version":[{"id":1497,"href":"https:\/\/de.intarsia-demsar.si\/de\/wp-json\/wp\/v2\/pages\/70\/revisions\/1497"}],"wp:attachment":[{"href":"https:\/\/de.intarsia-demsar.si\/de\/wp-json\/wp\/v2\/media?parent=70"}],"curies":[{"name":"wp","href":"https:\/\/api.w.org\/{rel}","templated":true}]}}