{"id":735,"date":"2015-10-19T11:43:11","date_gmt":"2015-10-19T11:43:11","guid":{"rendered":"http:\/\/intarsia-demsar.si\/wordpress\/?page_id=735"},"modified":"2016-03-14T18:26:21","modified_gmt":"2016-03-14T18:26:21","slug":"mosaic-intarsia","status":"publish","type":"page","link":"https:\/\/de.intarsia-demsar.si\/de\/mosaic-intarsia\/","title":{"rendered":"DIE MOSAIK-INTARSIE"},"content":{"rendered":"<p>[et_pb_section admin_label=&#8220;section&#8220; fullwidth=&#8220;on&#8220; specialty=&#8220;off&#8220;][et_pb_fullwidth_slider admin_label=&#8220;Fullwidth Slider&#8220; show_arrows=&#8220;off&#8220; show_pagination=&#8220;off&#8220; auto=&#8220;off&#8220; parallax=&#8220;off&#8220; auto_ignore_hover=&#8220;off&#8220; parallax_method=&#8220;off&#8220; remove_inner_shadow=&#8220;off&#8220; background_position=&#8220;default&#8220; background_size=&#8220;default&#8220; hide_content_on_mobile=&#8220;off&#8220; hide_cta_on_mobile=&#8220;off&#8220; show_image_video_mobile=&#8220;off&#8220; custom_button=&#8220;off&#8220; button_letter_spacing=&#8220;0&#8243; button_use_icon=&#8220;default&#8220; button_icon_placement=&#8220;right&#8220; button_on_hover=&#8220;on&#8220; button_letter_spacing_hover=&#8220;0&#8243;] [et_pb_slide background_image=&#8220;http:\/\/de.intarsia-demsar.si\/de\/wp-content\/uploads\/2015\/12\/mozaicna-intarsia-img-1.jpg&#8220; background_color=&#8220;#ffffff&#8220; alignment=&#8220;center&#8220; background_layout=&#8220;dark&#8220; background_position=&#8220;default&#8220; background_size=&#8220;default&#8220; allow_player_pause=&#8220;off&#8220; header_font_select=&#8220;default&#8220; body_font_select=&#8220;default&#8220; custom_button=&#8220;off&#8220; button_font_select=&#8220;default&#8220; button_use_icon=&#8220;default&#8220; button_icon_placement=&#8220;right&#8220; button_on_hover=&#8220;on&#8220; heading=&#8220; Wie erkennt man eine Mosaik-Intarsie?&#8220;] [\/et_pb_slide] [\/et_pb_fullwidth_slider][\/et_pb_section][et_pb_section admin_label=&#8220;Section&#8220; fullwidth=&#8220;off&#8220; specialty=&#8220;off&#8220;][et_pb_row admin_label=&#8220;Row&#8220;][et_pb_column type=&#8220;1_4&#8243;][et_pb_image admin_label=&#8220;Image&#8220; src=&#8220;http:\/\/en.intarsia-demsar.si\/en\/wp-content\/uploads\/2015\/12\/mozaicna-intarzija31.jpg&#8220; show_in_lightbox=&#8220;off&#8220; url_new_window=&#8220;off&#8220; animation=&#8220;bottom&#8220; sticky=&#8220;off&#8220; align=&#8220;left&#8220; force_fullwidth=&#8220;off&#8220; always_center_on_mobile=&#8220;on&#8220; use_border_color=&#8220;on&#8220; border_color=&#8220;#c1a489&#8243; border_style=&#8220;solid&#8220;] [\/et_pb_image][et_pb_image admin_label=&#8220;Image&#8220; src=&#8220;http:\/\/en.intarsia-demsar.si\/en\/wp-content\/uploads\/2015\/12\/mozaicna-intarzija1.jpg&#8220; show_in_lightbox=&#8220;off&#8220; url_new_window=&#8220;off&#8220; animation=&#8220;bottom&#8220; sticky=&#8220;off&#8220; align=&#8220;left&#8220; force_fullwidth=&#8220;off&#8220; always_center_on_mobile=&#8220;on&#8220; use_border_color=&#8220;on&#8220; border_color=&#8220;#c1a489&#8243; border_style=&#8220;solid&#8220;] [\/et_pb_image][et_pb_image admin_label=&#8220;Image&#8220; src=&#8220;http:\/\/en.intarsia-demsar.si\/en\/wp-content\/uploads\/2015\/12\/mozaicna-intarzija3.jpg&#8220; show_in_lightbox=&#8220;off&#8220; url_new_window=&#8220;off&#8220; animation=&#8220;bottom&#8220; sticky=&#8220;off&#8220; align=&#8220;left&#8220; force_fullwidth=&#8220;off&#8220; always_center_on_mobile=&#8220;on&#8220; use_border_color=&#8220;on&#8220; border_color=&#8220;#c1a489&#8243; border_style=&#8220;solid&#8220;] [\/et_pb_image][et_pb_image admin_label=&#8220;Image&#8220; src=&#8220;http:\/\/en.intarsia-demsar.si\/en\/wp-content\/uploads\/2015\/12\/mozaicna-intarzija2.jpg&#8220; show_in_lightbox=&#8220;off&#8220; url_new_window=&#8220;off&#8220; animation=&#8220;bottom&#8220; sticky=&#8220;off&#8220; align=&#8220;left&#8220; force_fullwidth=&#8220;off&#8220; always_center_on_mobile=&#8220;on&#8220; use_border_color=&#8220;on&#8220; border_color=&#8220;#c1a489&#8243; border_style=&#8220;solid&#8220;] [\/et_pb_image][\/et_pb_column][et_pb_column type=&#8220;3_4&#8243;][et_pb_text admin_label=&#8220;Text&#8220; background_layout=&#8220;light&#8220; text_orientation=&#8220;left&#8220; use_border_color=&#8220;off&#8220; border_color=&#8220;#ffffff&#8220; border_style=&#8220;solid&#8220;]<\/p>\n<p style=\"text-align: justify;\">Einzelne Holzst\u00fccke werden schon seit langer Zeit in Muster und Bilder zusammengef\u00fcgt, die ihre Identit\u00e4t best\u00e4tigt hat sowie ihre Beziehung zur Sch\u00f6nheit und ihren Wunsch, den Holzprodukten ihre eigene Identit\u00e4t zu zeichnen. Holz war schon immer ein Material, das in den unterschiedlichsten Bereichen verwendet wird: f\u00fcr den Bau, M\u00f6bel, Gegenst\u00e4nde, sogar f\u00fcr B\u00fccher, f\u00fcr Papier und den Buchdeckel. H\u00f6lzerne St\u00fccke, welche zusammengelegt wurden um ein Muster zu kreieren, haben eine lange Tradition z.B. an der Holzdecke, beim Holztisch, in der T\u00e4felung etc. Einzelne Holzst\u00fccke in der Intarsie waren wie eine Unterschrift auf h\u00f6lzernen K\u00e4sten, Kommoden und \u00bbBeinschr\u00e4nken\u00ab sowie den einzelnen Bew\u00e4hrungsgegenst\u00e4nden. Die Mosaik-Intarsie findet man auf den Buchdeckel, auf den N\u00e4hmaschinen und unz\u00e4hligen Schatullen. Die Intarsie stellt eine Verbindung zwischen dem Objekt und dem Menschen her. H\u00f6lzerne Mosaik-Intarsie stellten Prestige und Identit\u00e4t dar, die wie ein Wertgegenstand von Generation zur Generation weitergegeben wurden.<\/p>\n<p style=\"text-align: justify;\">Die Mosaik-Intarsie ist ein nach einem Plan aus kleineren Holzteilen hergestelltes Ornament. Normalerweise sind unsere Mosaik-Intarsien etwa 0,8 mm tief, je nach W\u00fcnschen k\u00f6nnen diese aber auch tiefer sein. Die L\u00e4nge der Intarsien betr\u00e4gt nach der Regel einen Meter. Je nach Dimension sind unsere Intarsien mit einer Genauigkeit von +-0,05mm hergestellt. Sehr wichtig ist auch, dass es zwischen den einzelnen Holzteilen keine Leerst\u00e4nde gibt. Das kann leicht \u00fcberpr\u00fcft werden, wenn man durch die Intarsie gegen das Licht schaut. Durch unsere hoch-qualitativen Mosaik-Intarsien, kommt kein Licht durch.<\/p>\n<p>[\/et_pb_text][et_pb_text admin_label=&#8220;Text&#8220; background_layout=&#8220;light&#8220; text_orientation=&#8220;left&#8220; use_border_color=&#8220;off&#8220; border_color=&#8220;#ffffff&#8220; border_style=&#8220;solid&#8220;]<\/p>\n<p style=\"text-align: justify;\"><strong>In unseren Produkten steckt eine mehr als 40-j\u00e4hrige Tradition der Fertigung der Mosaik-Intarsien in dem Familienunternehmen Franc Dem\u0161ar s.p. Die Intarsie bedeutet den Erhalt einer besonderen Verbindung zu Holz.<\/strong> Unsere Mosaik-Intarsien entdecken wie in alter Tradition wieder die Geheimnisse des Holzes. In Verbindung mit anderen Holzarten ergeben sie ein Mosaik und erstrahlen in all ihren Farben und gl\u00e4nzen hinsichtlich W\u00e4rme, Licht und Mattheit. Das Mosaik schreibt die Geschichte einer Intarsie, die sich mit ihrer Energie und Sch\u00f6nheit r\u00fchmt. Die Mosaik-Intarsien schm\u00fccken die Au\u00dfenseite von Ziehharmoniken, M\u00f6bel und anderen Holzprodukten. Die Intarsie vereint die Energie des Holzes und jene des Menschen, sie ist ein Gespr\u00e4ch zwischen der Natur und des Menschen.<br \/>\nDas Holz ist eine Intarsie und die Intarsie ist eine Geschichte &#8230; \u00fcber dem Bild, Kunst, Wunsch, Identit\u00e4t, Energie\u2026 es ist eine Geschichte \u00fcber die Schatulle der Gro\u00dfmutter, die Kommode der Mama, die N\u00e4hmaschine der Tante, die Harmonika des Gro\u00dfvaters und die Gitarre des Bruders\u2026<\/p>\n<p>[\/et_pb_text][et_pb_text admin_label=&#8220;Text&#8220; background_layout=&#8220;light&#8220; text_orientation=&#8220;left&#8220; use_border_color=&#8220;off&#8220; border_color=&#8220;#ffffff&#8220; border_style=&#8220;solid&#8220;]<\/p>\n<p style=\"text-align: justify;\">Unsere Mosaik-Intarsien beinhalten eine gro\u00dfe Auswahl von Motiven, von einfachen geometrischen Mosaik-Intarsien bis zum anspruchsvolleren fantasievollen Mosaik-Intarsien (z.B. ein Schwann). Man findet auch unterschiedliche Blumenmuster in den Mosaik-Intarsien (z.B. Edelwei\u00df, Nelken, Rosen\u2026), Schachbrettmustern, M\u00e4ander, Sterne und von allen vier Seiten geschlossene Kompositionen.<\/p>\n<p>[\/et_pb_text][\/et_pb_column][\/et_pb_row][\/et_pb_section][et_pb_section admin_label=&#8220;Section&#8220; fullwidth=&#8220;off&#8220; specialty=&#8220;off&#8220;][et_pb_row admin_label=&#8220;Row&#8220;][et_pb_column type=&#8220;4_4&#8243;][et_pb_divider admin_label=&#8220;Divider&#8220; color=&#8220;#dddddd&#8220; show_divider=&#8220;on&#8220; divider_style=&#8220;dotted&#8220; divider_position=&#8220;top&#8220; hide_on_mobile=&#8220;on&#8220;] [\/et_pb_divider][et_pb_gallery admin_label=&#8220;Gallery&#8220; gallery_ids=&#8220;1352,1353,1354,1359,1358,1357,1356,1355,1360,1361,1362,1363&#8243; fullwidth=&#8220;off&#8220; posts_number=&#8220;12&#8243; show_title_and_caption=&#8220;off&#8220; show_pagination=&#8220;off&#8220; background_layout=&#8220;light&#8220; auto=&#8220;off&#8220; hover_overlay_color=&#8220;rgba(214,214,214,0.9)&#8220; caption_all_caps=&#8220;off&#8220; use_border_color=&#8220;off&#8220; border_color=&#8220;#ffffff&#8220; border_style=&#8220;solid&#8220;] [\/et_pb_gallery][\/et_pb_column][\/et_pb_row][\/et_pb_section]<\/p>\n","protected":false},"excerpt":{"rendered":"<p>Einzelne Holzst\u00fccke werden schon seit langer Zeit in Muster und Bilder zusammengef\u00fcgt, die ihre Identit\u00e4t best\u00e4tigt hat sowie ihre Beziehung zur Sch\u00f6nheit und ihren Wunsch, den Holzprodukten ihre eigene Identit\u00e4t zu zeichnen. Holz war schon immer ein Material, das in den unterschiedlichsten Bereichen verwendet wird: f\u00fcr den Bau, M\u00f6bel, Gegenst\u00e4nde, sogar f\u00fcr B\u00fccher, f\u00fcr Papier [&hellip;]<\/p>\n","protected":false},"author":1,"featured_media":0,"parent":0,"menu_order":0,"comment_status":"closed","ping_status":"closed","template":"","meta":{"_et_pb_use_builder":"on","_et_pb_old_content":"","_et_gb_content_width":"","jetpack_post_was_ever_published":false,"footnotes":""},"jetpack_sharing_enabled":true,"jetpack_shortlink":"https:\/\/wp.me\/P7kODM-bR","_links":{"self":[{"href":"https:\/\/de.intarsia-demsar.si\/de\/wp-json\/wp\/v2\/pages\/735"}],"collection":[{"href":"https:\/\/de.intarsia-demsar.si\/de\/wp-json\/wp\/v2\/pages"}],"about":[{"href":"https:\/\/de.intarsia-demsar.si\/de\/wp-json\/wp\/v2\/types\/page"}],"author":[{"embeddable":true,"href":"https:\/\/de.intarsia-demsar.si\/de\/wp-json\/wp\/v2\/users\/1"}],"replies":[{"embeddable":true,"href":"https:\/\/de.intarsia-demsar.si\/de\/wp-json\/wp\/v2\/comments?post=735"}],"version-history":[{"count":2,"href":"https:\/\/de.intarsia-demsar.si\/de\/wp-json\/wp\/v2\/pages\/735\/revisions"}],"predecessor-version":[{"id":1463,"href":"https:\/\/de.intarsia-demsar.si\/de\/wp-json\/wp\/v2\/pages\/735\/revisions\/1463"}],"wp:attachment":[{"href":"https:\/\/de.intarsia-demsar.si\/de\/wp-json\/wp\/v2\/media?parent=735"}],"curies":[{"name":"wp","href":"https:\/\/api.w.org\/{rel}","templated":true}]}}