{"id":736,"date":"2015-10-19T11:43:20","date_gmt":"2015-10-19T11:43:20","guid":{"rendered":"http:\/\/intarsia-demsar.si\/wordpress\/?page_id=736"},"modified":"2016-03-14T18:15:07","modified_gmt":"2016-03-14T18:15:07","slug":"eine-breite-anwendungspalette","status":"publish","type":"page","link":"https:\/\/de.intarsia-demsar.si\/de\/produkte\/eine-breite-anwendungspalette\/","title":{"rendered":"Eine breite Anwendungspalette"},"content":{"rendered":"<p>[et_pb_section admin_label=&#8220;section&#8220; fullwidth=&#8220;on&#8220; specialty=&#8220;off&#8220;][et_pb_fullwidth_slider admin_label=&#8220;Fullwidth Slider&#8220; show_arrows=&#8220;off&#8220; show_pagination=&#8220;off&#8220; auto=&#8220;off&#8220; parallax=&#8220;off&#8220; auto_ignore_hover=&#8220;off&#8220; parallax_method=&#8220;off&#8220; remove_inner_shadow=&#8220;off&#8220; background_position=&#8220;default&#8220; background_size=&#8220;default&#8220; hide_content_on_mobile=&#8220;off&#8220; hide_cta_on_mobile=&#8220;off&#8220; show_image_video_mobile=&#8220;off&#8220; custom_button=&#8220;off&#8220; button_letter_spacing=&#8220;0&#8243; button_use_icon=&#8220;default&#8220; button_icon_placement=&#8220;right&#8220; button_on_hover=&#8220;on&#8220; button_letter_spacing_hover=&#8220;0&#8243;] [et_pb_slide background_image=&#8220;http:\/\/de.intarsia-demsar.si\/de\/wp-content\/uploads\/2015\/12\/intarsia-siroka-paleta-uporabe1-1.jpg&#8220; background_color=&#8220;#ffffff&#8220; alignment=&#8220;center&#8220; background_layout=&#8220;dark&#8220; background_position=&#8220;default&#8220; background_size=&#8220;default&#8220; allow_player_pause=&#8220;off&#8220; header_font_select=&#8220;default&#8220; body_font_select=&#8220;default&#8220; custom_button=&#8220;off&#8220; button_font_select=&#8220;default&#8220; button_use_icon=&#8220;default&#8220; button_icon_placement=&#8220;right&#8220; button_on_hover=&#8220;on&#8220; heading=&#8220;Eine breite Anwendungspalette&#8220;]<\/p>\n<p><strong>Intarsie \u2013 das Detail, das jeden Produkt veredelt<\/strong><\/p>\n<p>[\/et_pb_slide] [\/et_pb_fullwidth_slider][\/et_pb_section][et_pb_section admin_label=&#8220;Section&#8220; fullwidth=&#8220;off&#8220; specialty=&#8220;on&#8220;][et_pb_column type=&#8220;1_3&#8243;][et_pb_image admin_label=&#8220;Image&#8220; src=&#8220;http:\/\/intarsia-demsar.si\/wordpress\/wp-content\/uploads\/2015\/10\/mozaicna-intarzija-detajl2.jpg&#8220; show_in_lightbox=&#8220;off&#8220; url_new_window=&#8220;off&#8220; animation=&#8220;bottom&#8220; sticky=&#8220;off&#8220; align=&#8220;left&#8220; force_fullwidth=&#8220;off&#8220; always_center_on_mobile=&#8220;on&#8220; use_border_color=&#8220;on&#8220; border_color=&#8220;#c1a489&#8243; border_style=&#8220;solid&#8220;] [\/et_pb_image][et_pb_image admin_label=&#8220;Image&#8220; src=&#8220;http:\/\/intarsia-demsar.si\/wordpress\/wp-content\/uploads\/2015\/10\/mozaicna-intarzija-detajl1.jpg&#8220; show_in_lightbox=&#8220;off&#8220; url_new_window=&#8220;off&#8220; animation=&#8220;bottom&#8220; sticky=&#8220;off&#8220; align=&#8220;left&#8220; force_fullwidth=&#8220;off&#8220; always_center_on_mobile=&#8220;on&#8220; use_border_color=&#8220;on&#8220; border_color=&#8220;#c1a489&#8243; border_style=&#8220;solid&#8220;] [\/et_pb_image][et_pb_image admin_label=&#8220;Image&#8220; src=&#8220;http:\/\/intarsia-demsar.si\/wordpress\/wp-content\/uploads\/2015\/10\/mozaicna-intarzija-detajl4.jpg&#8220; show_in_lightbox=&#8220;off&#8220; url_new_window=&#8220;off&#8220; animation=&#8220;bottom&#8220; sticky=&#8220;off&#8220; align=&#8220;left&#8220; force_fullwidth=&#8220;off&#8220; always_center_on_mobile=&#8220;on&#8220; use_border_color=&#8220;on&#8220; border_color=&#8220;#c1a489&#8243; border_style=&#8220;solid&#8220;] [\/et_pb_image][\/et_pb_column][et_pb_column type=&#8220;2_3&#8243; specialty_columns=&#8220;2&#8243;][et_pb_row_inner admin_label=&#8220;Row&#8220;][et_pb_column_inner type=&#8220;4_4&#8243; saved_specialty_column_type=&#8220;2_3&#8243;][et_pb_text admin_label=&#8220;Text&#8220; background_layout=&#8220;light&#8220; text_orientation=&#8220;left&#8220; use_border_color=&#8220;off&#8220; border_color=&#8220;#ffffff&#8220; border_style=&#8220;solid&#8220;]<\/p>\n<p style=\"text-align: justify;\"><strong>Intarsien<\/strong> (oft auch Mosaik-Intarsien) k\u00f6nnen auch sp\u00e4ter in schon ausgefertigte Marketerien integriert werden (oder in andere Furniroberfl\u00e4chen oder Massivholz). Es wird eine Vertiefung eingestemmt, so dass die Intarsie perfekt in die Vertiefung hineinpasst. Danach wird die Intarsie in die Vertiefung hineingeklebt. Die genaue Arbeit wird mit Schleifen und Oberfl\u00e4chenbearbeitung fortgesetzt. Die fertigen Holzprodukte, in die eine Intarsie eingearbeitet wird, werden auch von uns designend. So sind zum Beispiel eine Serie von Wanduhren mit Intarsie, Schatullen mit Intarsie, Notizb\u00fccher mit Holzumschlag und Intarsie und andere sch\u00f6ne Holzobjekte entstanden. <strong>In alle unsere Produkte wird sehr viel Handarbeit und Gesp\u00fcr f\u00fcr das Detail gelegt.<\/strong><\/p>\n<p>[\/et_pb_text][et_pb_image admin_label=&#8220;Image&#8220; src=&#8220;http:\/\/intarsia-demsar.si\/wordpress\/wp-content\/uploads\/2015\/10\/mozaicna-intarzija-detajl3.jpg&#8220; show_in_lightbox=&#8220;off&#8220; url_new_window=&#8220;off&#8220; animation=&#8220;bottom&#8220; sticky=&#8220;off&#8220; align=&#8220;left&#8220; force_fullwidth=&#8220;off&#8220; always_center_on_mobile=&#8220;on&#8220; use_border_color=&#8220;on&#8220; border_color=&#8220;#c1a489&#8243; border_style=&#8220;solid&#8220;] [\/et_pb_image][\/et_pb_column_inner][\/et_pb_row_inner][\/et_pb_column][\/et_pb_section]<\/p>\n","protected":false},"excerpt":{"rendered":"<p>Intarsie \u2013 das Detail, das jeden Produkt veredelt Intarsien (oft auch Mosaik-Intarsien) k\u00f6nnen auch sp\u00e4ter in schon ausgefertigte Marketerien integriert werden (oder in andere Furniroberfl\u00e4chen oder Massivholz). Es wird eine Vertiefung eingestemmt, so dass die Intarsie perfekt in die Vertiefung hineinpasst. Danach wird die Intarsie in die Vertiefung hineingeklebt. Die genaue Arbeit wird mit Schleifen [&hellip;]<\/p>\n","protected":false},"author":1,"featured_media":0,"parent":1440,"menu_order":0,"comment_status":"closed","ping_status":"closed","template":"","meta":{"_et_pb_use_builder":"on","_et_pb_old_content":"","_et_gb_content_width":"","jetpack_post_was_ever_published":false,"footnotes":""},"jetpack_sharing_enabled":true,"jetpack_shortlink":"https:\/\/wp.me\/P7kODM-bS","_links":{"self":[{"href":"https:\/\/de.intarsia-demsar.si\/de\/wp-json\/wp\/v2\/pages\/736"}],"collection":[{"href":"https:\/\/de.intarsia-demsar.si\/de\/wp-json\/wp\/v2\/pages"}],"about":[{"href":"https:\/\/de.intarsia-demsar.si\/de\/wp-json\/wp\/v2\/types\/page"}],"author":[{"embeddable":true,"href":"https:\/\/de.intarsia-demsar.si\/de\/wp-json\/wp\/v2\/users\/1"}],"replies":[{"embeddable":true,"href":"https:\/\/de.intarsia-demsar.si\/de\/wp-json\/wp\/v2\/comments?post=736"}],"version-history":[{"count":3,"href":"https:\/\/de.intarsia-demsar.si\/de\/wp-json\/wp\/v2\/pages\/736\/revisions"}],"predecessor-version":[{"id":1461,"href":"https:\/\/de.intarsia-demsar.si\/de\/wp-json\/wp\/v2\/pages\/736\/revisions\/1461"}],"up":[{"embeddable":true,"href":"https:\/\/de.intarsia-demsar.si\/de\/wp-json\/wp\/v2\/pages\/1440"}],"wp:attachment":[{"href":"https:\/\/de.intarsia-demsar.si\/de\/wp-json\/wp\/v2\/media?parent=736"}],"curies":[{"name":"wp","href":"https:\/\/api.w.org\/{rel}","templated":true}]}}