{"id":742,"date":"2015-10-19T11:44:01","date_gmt":"2015-10-19T11:44:01","guid":{"rendered":"http:\/\/intarsia-demsar.si\/wordpress\/?page_id=742"},"modified":"2020-01-23T17:23:08","modified_gmt":"2020-01-23T17:23:08","slug":"kontakt","status":"publish","type":"page","link":"https:\/\/de.intarsia-demsar.si\/de\/kontakt\/","title":{"rendered":"KONTAKT"},"content":{"rendered":"<p>[et_pb_section bb_built=&#8220;1&#8243; admin_label=&#8220;section&#8220; fullwidth=&#8220;on&#8220; specialty=&#8220;off&#8220; inner_width=&#8220;90%&#8220; inner_max_width=&#8220;1035px&#8220; next_background_color=&#8220;#000000&#8243;][et_pb_fullwidth_map admin_label=&#8220;Fullwidth Map&#8220; zoom_level=&#8220;20&#8243; address_lat=&#8220;46.235265700000014&#8243; address_lng=&#8220;14.165181399999938&#8243; address=&#8220;Log 98, 4228 \u017delezniki, Slovenia&#8220; mouse_wheel=&#8220;on&#8220; child_filter_saturate=&#8220;100%&#8220;][et_pb_map_pin title=&#8220;Location&#8220; pin_address=&#8220;Log 98, 4228 \u017delezniki, Slovenia&#8220; pin_address_lat=&#8220;46.2352657&#8243; pin_address_lng=&#8220;14.165181399999938&#8243;] [\/et_pb_map_pin][\/et_pb_fullwidth_map][\/et_pb_section][et_pb_section bb_built=&#8220;1&#8243; admin_label=&#8220;Section&#8220; fullwidth=&#8220;off&#8220; specialty=&#8220;off&#8220; inner_width=&#8220;90%&#8220; inner_max_width=&#8220;1035px&#8220; prev_background_color=&#8220;#000000&#8243; next_background_color=&#8220;#000000&#8243;][et_pb_row admin_label=&#8220;Row&#8220; background_position=&#8220;top_left&#8220; background_repeat=&#8220;repeat&#8220; background_size=&#8220;initial&#8220; width=&#8220;90%&#8220; max_width=&#8220;1035px&#8220;][et_pb_column type=&#8220;4_4&#8243; custom_padding__hover=&#8220;|||&#8220; custom_padding=&#8220;|||&#8220;][et_pb_divider admin_label=&#8220;Divider&#8220; color=&#8220;#d1d1d1&#8243; show_divider=&#8220;on&#8220; divider_style=&#8220;dotted&#8220; divider_position=&#8220;top&#8220; hide_on_mobile=&#8220;on&#8220; disabled_on=&#8220;on|on|off&#8220;]<\/p>\n<p>[\/et_pb_divider][\/et_pb_column][\/et_pb_row][\/et_pb_section][et_pb_section bb_built=&#8220;1&#8243; admin_label=&#8220;section&#8220; fullwidth=&#8220;off&#8220; inner_width=&#8220;90%&#8220; inner_max_width=&#8220;1035px&#8220; prev_background_color=&#8220;#000000&#8243;][et_pb_row admin_label=&#8220;row&#8220; background_position=&#8220;top_left&#8220; background_repeat=&#8220;repeat&#8220; background_size=&#8220;initial&#8220; width=&#8220;90%&#8220; max_width=&#8220;1035px&#8220;][et_pb_column type=&#8220;2_3&#8243; custom_padding__hover=&#8220;|||&#8220; custom_padding=&#8220;|||&#8220;][et_pb_contact_form _builder_version=&#8220;4.2.2&#8243; recaptcha_list=&#8220;|none&#8220; form_field_text_shadow_horizontal_length=&#8220;form_field_text_shadow_style,%91object Object%93&#8243; form_field_text_shadow_horizontal_length_tablet=&#8220;0px&#8220; form_field_text_shadow_vertical_length=&#8220;form_field_text_shadow_style,%91object Object%93&#8243; form_field_text_shadow_vertical_length_tablet=&#8220;0px&#8220; form_field_text_shadow_blur_strength=&#8220;form_field_text_shadow_style,%91object Object%93&#8243; form_field_text_shadow_blur_strength_tablet=&#8220;1px&#8220; text_shadow_horizontal_length=&#8220;text_shadow_style,%91object Object%93&#8243; text_shadow_horizontal_length_tablet=&#8220;0px&#8220; text_shadow_vertical_length=&#8220;text_shadow_style,%91object Object%93&#8243; text_shadow_vertical_length_tablet=&#8220;0px&#8220; text_shadow_blur_strength=&#8220;text_shadow_style,%91object Object%93&#8243; text_shadow_blur_strength_tablet=&#8220;1px&#8220; title_text_shadow_horizontal_length=&#8220;title_text_shadow_style,%91object Object%93&#8243; title_text_shadow_horizontal_length_tablet=&#8220;0px&#8220; title_text_shadow_vertical_length=&#8220;title_text_shadow_style,%91object Object%93&#8243; title_text_shadow_vertical_length_tablet=&#8220;0px&#8220; title_text_shadow_blur_strength=&#8220;title_text_shadow_style,%91object Object%93&#8243; title_text_shadow_blur_strength_tablet=&#8220;1px&#8220; captcha_text_shadow_horizontal_length=&#8220;captcha_text_shadow_style,%91object Object%93&#8243; captcha_text_shadow_horizontal_length_tablet=&#8220;0px&#8220; captcha_text_shadow_vertical_length=&#8220;captcha_text_shadow_style,%91object Object%93&#8243; captcha_text_shadow_vertical_length_tablet=&#8220;0px&#8220; captcha_text_shadow_blur_strength=&#8220;captcha_text_shadow_style,%91object Object%93&#8243; captcha_text_shadow_blur_strength_tablet=&#8220;1px&#8220; button_text_shadow_horizontal_length=&#8220;button_text_shadow_style,%91object Object%93&#8243; button_text_shadow_horizontal_length_tablet=&#8220;0px&#8220; button_text_shadow_vertical_length=&#8220;button_text_shadow_style,%91object Object%93&#8243; button_text_shadow_vertical_length_tablet=&#8220;0px&#8220; button_text_shadow_blur_strength=&#8220;button_text_shadow_style,%91object Object%93&#8243; button_text_shadow_blur_strength_tablet=&#8220;1px&#8220; box_shadow_horizontal_button_tablet=&#8220;0px&#8220; box_shadow_vertical_button_tablet=&#8220;0px&#8220; box_shadow_blur_button_tablet=&#8220;40px&#8220; box_shadow_spread_button_tablet=&#8220;0px&#8220; box_shadow_horizontal_tablet=&#8220;0px&#8220; box_shadow_vertical_tablet=&#8220;0px&#8220; box_shadow_blur_tablet=&#8220;40px&#8220; box_shadow_spread_tablet=&#8220;0px&#8220; vertical_offset_tablet=&#8220;0&#8243; horizontal_offset_tablet=&#8220;0&#8243; z_index_tablet=&#8220;0&#8243; title=&#8220;Kontakt formular&#8220; email=&#8220;demsar.franc@siol.net&#8220;][et_pb_contact_field field_title=&#8220;Name und Vorname &#8220; field_type=&#8220;input&#8220; field_id=&#8220;Name&#8220; required_mark=&#8220;on&#8220; fullwidth_field=&#8220;on&#8220; _builder_version=&#8220;4.2.2&#8243; field_title_tablet=&#8220;Name und Vorname &#8220; field_title_phone=&#8220;Name und Vorname &#8220; checkbox_checked=&#8220;off&#8220; checkbox_options=&#8220;%91{%22value%22:%22Name%22,%22checked%22:0}%93&#8243; radio_options=&#8220;%91{%22value%22:%22Name%22,%22checked%22:0}%93&#8243; select_options=&#8220;%91{%22value%22:%22Name%22,%22checked%22:0}%93&#8243; min_length=&#8220;0&#8243; max_length=&#8220;0&#8243; allowed_symbols=&#8220;all&#8220; conditional_logic=&#8220;off&#8220; conditional_logic_relation=&#8220;off&#8220; conditional_logic_rules=&#8220;%91{%22field%22:%22email%22,%22condition%22:%22is%22,%22value%22:%22%22}%93&#8243; link_option_url_new_window=&#8220;off&#8220; use_background_color_gradient=&#8220;off&#8220; background_color_gradient_start=&#8220;#2b87da&#8220; background_color_gradient_end=&#8220;#29c4a9&#8243; background_color_gradient_type=&#8220;linear&#8220; background_color_gradient_direction=&#8220;180deg&#8220; background_color_gradient_direction_tablet=&#8220;180deg&#8220; background_color_gradient_direction_phone=&#8220;180deg&#8220; background_color_gradient_direction_radial=&#8220;center&#8220; background_color_gradient_start_position=&#8220;0%&#8220; background_color_gradient_start_position_tablet=&#8220;0%&#8220; background_color_gradient_start_position_phone=&#8220;0%&#8220; background_color_gradient_end_position=&#8220;100%&#8220; background_color_gradient_end_position_tablet=&#8220;100%&#8220; background_color_gradient_end_position_phone=&#8220;100%&#8220; background_color_gradient_overlays_image=&#8220;off&#8220; parallax=&#8220;off&#8220; parallax_method=&#8220;on&#8220; background_size=&#8220;cover&#8220; background_position=&#8220;center&#8220; background_repeat=&#8220;no-repeat&#8220; background_blend=&#8220;normal&#8220; allow_player_pause=&#8220;off&#8220; background_video_pause_outside_viewport=&#8220;on&#8220; form_field_text_shadow_style=&#8220;none&#8220; form_field_text_shadow_horizontal_length=&#8220;form_field_text_shadow_style,%91object Object%93&#8243; form_field_text_shadow_horizontal_length_tablet=&#8220;0px&#8220; form_field_text_shadow_horizontal_length_phone=&#8220;0px&#8220; form_field_text_shadow_vertical_length=&#8220;form_field_text_shadow_style,%91object Object%93&#8243; form_field_text_shadow_vertical_length_tablet=&#8220;0px&#8220; form_field_text_shadow_vertical_length_phone=&#8220;0px&#8220; form_field_text_shadow_blur_strength=&#8220;form_field_text_shadow_style,%91object Object%93&#8243; form_field_text_shadow_blur_strength_tablet=&#8220;1px&#8220; form_field_text_shadow_blur_strength_phone=&#8220;1px&#8220; box_shadow_style=&#8220;none&#8220; box_shadow_horizontal=&#8220;box_shadow_style,%91object Object%93&#8243; box_shadow_horizontal_tablet=&#8220;0px&#8220; box_shadow_horizontal_phone=&#8220;0px&#8220; box_shadow_vertical=&#8220;box_shadow_style,%91object Object%93&#8243; box_shadow_vertical_tablet=&#8220;0px&#8220; box_shadow_vertical_phone=&#8220;0px&#8220; box_shadow_blur=&#8220;box_shadow_style,%91object Object%93&#8243; box_shadow_blur_tablet=&#8220;40px&#8220; box_shadow_blur_phone=&#8220;40px&#8220; box_shadow_spread=&#8220;box_shadow_style,%91object Object%93&#8243; box_shadow_spread_tablet=&#8220;0px&#8220; box_shadow_spread_phone=&#8220;0px&#8220; hover_transition_duration=&#8220;300ms&#8220; hover_transition_duration_tablet=&#8220;300ms&#8220; hover_transition_duration_phone=&#8220;300ms&#8220; hover_transition_delay=&#8220;0ms&#8220; hover_transition_delay_tablet=&#8220;0ms&#8220; hover_transition_delay_phone=&#8220;0ms&#8220; hover_transition_speed_curve=&#8220;ease&#8220; vertical_offset_tablet=&#8220;0&#8243; vertical_offset_phone=&#8220;0&#8243; horizontal_offset_tablet=&#8220;0&#8243; horizontal_offset_phone=&#8220;0&#8243; z_index_tablet=&#8220;0&#8243; z_index_phone=&#8220;0&#8243; \/][et_pb_contact_field field_title=&#8220;E-Mail-Adresse&#8220; field_type=&#8220;email&#8220; field_id=&#8220;Email&#8220; required_mark=&#8220;on&#8220; fullwidth_field=&#8220;on&#8220; _builder_version=&#8220;4.2.2&#8243; field_title_tablet=&#8220;E-Mail-Adresse&#8220; field_title_phone=&#8220;E-Mail-Adresse&#8220; checkbox_checked=&#8220;off&#8220; checkbox_options=&#8220;%91{%22value%22:%22E-Mail-Adresse%22,%22checked%22:0}%93&#8243; radio_options=&#8220;%91{%22value%22:%22E-Mail-Adresse%22,%22checked%22:0}%93&#8243; select_options=&#8220;%91{%22value%22:%22E-Mail-Adresse%22,%22checked%22:0}%93&#8243; min_length=&#8220;0&#8243; max_length=&#8220;0&#8243; allowed_symbols=&#8220;all&#8220; conditional_logic=&#8220;off&#8220; conditional_logic_relation=&#8220;off&#8220; conditional_logic_rules=&#8220;%91{%22field%22:%22name%22,%22condition%22:%22is%22,%22value%22:%22%22}%93&#8243; link_option_url_new_window=&#8220;off&#8220; use_background_color_gradient=&#8220;off&#8220; background_color_gradient_start=&#8220;#2b87da&#8220; background_color_gradient_end=&#8220;#29c4a9&#8243; background_color_gradient_type=&#8220;linear&#8220; background_color_gradient_direction=&#8220;180deg&#8220; background_color_gradient_direction_tablet=&#8220;180deg&#8220; background_color_gradient_direction_phone=&#8220;180deg&#8220; background_color_gradient_direction_radial=&#8220;center&#8220; background_color_gradient_start_position=&#8220;0%&#8220; background_color_gradient_start_position_tablet=&#8220;0%&#8220; background_color_gradient_start_position_phone=&#8220;0%&#8220; background_color_gradient_end_position=&#8220;100%&#8220; background_color_gradient_end_position_tablet=&#8220;100%&#8220; background_color_gradient_end_position_phone=&#8220;100%&#8220; background_color_gradient_overlays_image=&#8220;off&#8220; parallax=&#8220;off&#8220; parallax_method=&#8220;on&#8220; background_size=&#8220;cover&#8220; background_position=&#8220;center&#8220; background_repeat=&#8220;no-repeat&#8220; background_blend=&#8220;normal&#8220; allow_player_pause=&#8220;off&#8220; background_video_pause_outside_viewport=&#8220;on&#8220; form_field_text_shadow_style=&#8220;none&#8220; form_field_text_shadow_horizontal_length=&#8220;form_field_text_shadow_style,%91object Object%93&#8243; form_field_text_shadow_horizontal_length_tablet=&#8220;0px&#8220; form_field_text_shadow_horizontal_length_phone=&#8220;0px&#8220; form_field_text_shadow_vertical_length=&#8220;form_field_text_shadow_style,%91object Object%93&#8243; form_field_text_shadow_vertical_length_tablet=&#8220;0px&#8220; form_field_text_shadow_vertical_length_phone=&#8220;0px&#8220; form_field_text_shadow_blur_strength=&#8220;form_field_text_shadow_style,%91object Object%93&#8243; form_field_text_shadow_blur_strength_tablet=&#8220;1px&#8220; form_field_text_shadow_blur_strength_phone=&#8220;1px&#8220; box_shadow_style=&#8220;none&#8220; box_shadow_horizontal=&#8220;box_shadow_style,%91object Object%93&#8243; box_shadow_horizontal_tablet=&#8220;0px&#8220; box_shadow_horizontal_phone=&#8220;0px&#8220; box_shadow_vertical=&#8220;box_shadow_style,%91object Object%93&#8243; box_shadow_vertical_tablet=&#8220;0px&#8220; box_shadow_vertical_phone=&#8220;0px&#8220; box_shadow_blur=&#8220;box_shadow_style,%91object Object%93&#8243; box_shadow_blur_tablet=&#8220;40px&#8220; box_shadow_blur_phone=&#8220;40px&#8220; box_shadow_spread=&#8220;box_shadow_style,%91object Object%93&#8243; box_shadow_spread_tablet=&#8220;0px&#8220; box_shadow_spread_phone=&#8220;0px&#8220; hover_transition_duration=&#8220;300ms&#8220; hover_transition_duration_tablet=&#8220;300ms&#8220; hover_transition_duration_phone=&#8220;300ms&#8220; hover_transition_delay=&#8220;0ms&#8220; hover_transition_delay_tablet=&#8220;0ms&#8220; hover_transition_delay_phone=&#8220;0ms&#8220; hover_transition_speed_curve=&#8220;ease&#8220; vertical_offset_tablet=&#8220;0&#8243; vertical_offset_phone=&#8220;0&#8243; horizontal_offset_tablet=&#8220;0&#8243; horizontal_offset_phone=&#8220;0&#8243; z_index_tablet=&#8220;0&#8243; z_index_phone=&#8220;0&#8243; \/][et_pb_contact_field field_title=&#8220;Ihre Nachricht&#8220; field_type=&#8220;text&#8220; field_id=&#8220;Message&#8220; required_mark=&#8220;on&#8220; fullwidth_field=&#8220;on&#8220; _builder_version=&#8220;4.2.2&#8243; field_title_tablet=&#8220;Ihre Nachricht&#8220; field_title_phone=&#8220;Ihre Nachricht&#8220; checkbox_checked=&#8220;off&#8220; checkbox_options=&#8220;%91{%22value%22:%22Nachricht%22,%22checked%22:0}%93&#8243; radio_options=&#8220;%91{%22value%22:%22Nachricht%22,%22checked%22:0}%93&#8243; select_options=&#8220;%91{%22value%22:%22Nachricht%22,%22checked%22:0}%93&#8243; min_length=&#8220;0&#8243; max_length=&#8220;0&#8243; allowed_symbols=&#8220;all&#8220; conditional_logic=&#8220;off&#8220; conditional_logic_relation=&#8220;off&#8220; conditional_logic_rules=&#8220;%91{%22field%22:%22name%22,%22condition%22:%22is%22,%22value%22:%22%22}%93&#8243; link_option_url_new_window=&#8220;off&#8220; use_background_color_gradient=&#8220;off&#8220; background_color_gradient_start=&#8220;#2b87da&#8220; background_color_gradient_end=&#8220;#29c4a9&#8243; background_color_gradient_type=&#8220;linear&#8220; background_color_gradient_direction=&#8220;180deg&#8220; background_color_gradient_direction_tablet=&#8220;180deg&#8220; background_color_gradient_direction_phone=&#8220;180deg&#8220; background_color_gradient_direction_radial=&#8220;center&#8220; background_color_gradient_start_position=&#8220;0%&#8220; background_color_gradient_start_position_tablet=&#8220;0%&#8220; background_color_gradient_start_position_phone=&#8220;0%&#8220; background_color_gradient_end_position=&#8220;100%&#8220; background_color_gradient_end_position_tablet=&#8220;100%&#8220; background_color_gradient_end_position_phone=&#8220;100%&#8220; background_color_gradient_overlays_image=&#8220;off&#8220; parallax=&#8220;off&#8220; parallax_method=&#8220;on&#8220; background_size=&#8220;cover&#8220; background_position=&#8220;center&#8220; background_repeat=&#8220;no-repeat&#8220; background_blend=&#8220;normal&#8220; allow_player_pause=&#8220;off&#8220; background_video_pause_outside_viewport=&#8220;on&#8220; form_field_text_shadow_style=&#8220;none&#8220; form_field_text_shadow_horizontal_length=&#8220;form_field_text_shadow_style,%91object Object%93&#8243; form_field_text_shadow_horizontal_length_tablet=&#8220;0px&#8220; form_field_text_shadow_horizontal_length_phone=&#8220;0px&#8220; form_field_text_shadow_vertical_length=&#8220;form_field_text_shadow_style,%91object Object%93&#8243; form_field_text_shadow_vertical_length_tablet=&#8220;0px&#8220; form_field_text_shadow_vertical_length_phone=&#8220;0px&#8220; form_field_text_shadow_blur_strength=&#8220;form_field_text_shadow_style,%91object Object%93&#8243; form_field_text_shadow_blur_strength_tablet=&#8220;1px&#8220; form_field_text_shadow_blur_strength_phone=&#8220;1px&#8220; box_shadow_style=&#8220;none&#8220; box_shadow_horizontal=&#8220;box_shadow_style,%91object Object%93&#8243; box_shadow_horizontal_tablet=&#8220;0px&#8220; box_shadow_horizontal_phone=&#8220;0px&#8220; box_shadow_vertical=&#8220;box_shadow_style,%91object Object%93&#8243; box_shadow_vertical_tablet=&#8220;0px&#8220; box_shadow_vertical_phone=&#8220;0px&#8220; box_shadow_blur=&#8220;box_shadow_style,%91object Object%93&#8243; box_shadow_blur_tablet=&#8220;40px&#8220; box_shadow_blur_phone=&#8220;40px&#8220; box_shadow_spread=&#8220;box_shadow_style,%91object Object%93&#8243; box_shadow_spread_tablet=&#8220;0px&#8220; box_shadow_spread_phone=&#8220;0px&#8220; hover_transition_duration=&#8220;300ms&#8220; hover_transition_duration_tablet=&#8220;300ms&#8220; hover_transition_duration_phone=&#8220;300ms&#8220; hover_transition_delay=&#8220;0ms&#8220; hover_transition_delay_tablet=&#8220;0ms&#8220; hover_transition_delay_phone=&#8220;0ms&#8220; hover_transition_speed_curve=&#8220;ease&#8220; vertical_offset_tablet=&#8220;0&#8243; vertical_offset_phone=&#8220;0&#8243; horizontal_offset_tablet=&#8220;0&#8243; horizontal_offset_phone=&#8220;0&#8243; z_index_tablet=&#8220;0&#8243; z_index_phone=&#8220;0&#8243; \/][\/et_pb_contact_form][\/et_pb_column][et_pb_column type=&#8220;1_3&#8243; custom_padding__hover=&#8220;|||&#8220; custom_padding=&#8220;|||&#8220;][et_pb_blurb admin_label=&#8220;Blurb&#8220; title=&#8220;Wo Sie uns finden&#8220; url_new_window=&#8220;off&#8220; use_icon=&#8220;on&#8220; font_icon=&#8220;%%102%%&#8220; icon_color=&#8220;rgba(163,120,21,0.38)&#8220; use_circle=&#8220;off&#8220; circle_color=&#8220;#287eff&#8220; use_circle_border=&#8220;off&#8220; circle_border_color=&#8220;#287eff&#8220; icon_placement=&#8220;left&#8220; animation=&#8220;top&#8220; background_layout=&#8220;light&#8220; text_orientation=&#8220;left&#8220; use_icon_font_size=&#8220;off&#8220; use_border_color=&#8220;off&#8220; border_color=&#8220;#ffffff&#8220; border_style=&#8220;solid&#8220; background_position=&#8220;top_left&#8220; background_repeat=&#8220;repeat&#8220; background_size=&#8220;initial&#8220; image_max_width=&#8220;none&#8220;]<\/p>\n<p>\nGerne k\u00f6nnen Sie uns per <a href=\"mailto:demsar.franc@siol.net\">E-Mail<\/a> kontaktieren oder uns pers\u00f6nlich besuchen.<\/p>\n<ul>\n<li><strong>Telefone:<\/strong> <span id=\"et-info-phone\">00386 (0)4 514 73 63<\/span><\/li>\n<li><strong>Addresse:<\/strong> Log 98, 4228 \u017delezniki, Slovenija<\/li>\n<li><strong>Email:<\/strong> <a href=\"mailto:demsar.franc@siol.net\">demsar.franc@siol.net<\/a><\/li>\n<\/ul>\n<p>[\/et_pb_blurb][\/et_pb_column][\/et_pb_row][\/et_pb_section]<\/p>\n","protected":false},"excerpt":{"rendered":"<p>Gerne k\u00f6nnen Sie uns per E-Mail kontaktieren oder uns pers\u00f6nlich besuchen. Telefone: 00386 (0)4 514 73 63 Addresse: Log 98, 4228 \u017delezniki, Slovenija Email: demsar.franc@siol.net<\/p>\n","protected":false},"author":1,"featured_media":0,"parent":0,"menu_order":0,"comment_status":"closed","ping_status":"closed","template":"","meta":{"_et_pb_use_builder":"on","_et_pb_old_content":"","_et_gb_content_width":"","jetpack_post_was_ever_published":false,"footnotes":""},"jetpack_sharing_enabled":true,"jetpack_shortlink":"https:\/\/wp.me\/P7kODM-bY","_links":{"self":[{"href":"https:\/\/de.intarsia-demsar.si\/de\/wp-json\/wp\/v2\/pages\/742"}],"collection":[{"href":"https:\/\/de.intarsia-demsar.si\/de\/wp-json\/wp\/v2\/pages"}],"about":[{"href":"https:\/\/de.intarsia-demsar.si\/de\/wp-json\/wp\/v2\/types\/page"}],"author":[{"embeddable":true,"href":"https:\/\/de.intarsia-demsar.si\/de\/wp-json\/wp\/v2\/users\/1"}],"replies":[{"embeddable":true,"href":"https:\/\/de.intarsia-demsar.si\/de\/wp-json\/wp\/v2\/comments?post=742"}],"version-history":[{"count":7,"href":"https:\/\/de.intarsia-demsar.si\/de\/wp-json\/wp\/v2\/pages\/742\/revisions"}],"predecessor-version":[{"id":1536,"href":"https:\/\/de.intarsia-demsar.si\/de\/wp-json\/wp\/v2\/pages\/742\/revisions\/1536"}],"wp:attachment":[{"href":"https:\/\/de.intarsia-demsar.si\/de\/wp-json\/wp\/v2\/media?parent=742"}],"curies":[{"name":"wp","href":"https:\/\/api.w.org\/{rel}","templated":true}]}}